{"id":3,"date":"2021-12-22T10:00:33","date_gmt":"2021-12-22T09:00:33","guid":{"rendered":"http:\/\/moleculepants.com\/?page_id=3"},"modified":"2022-01-18T22:47:57","modified_gmt":"2022-01-18T15:47:57","slug":"privacy-policy","status":"publish","type":"page","link":"https:\/\/moleculepants.com\/fr\/privacy-policy\/","title":{"rendered":"Confidentialit\u00e9 \/ Protection des donn\u00e9es"},"content":{"rendered":"<h2 style=\"text-align: center;\"><span style=\"font-family: verdana, geneva, sans-serif;\"><strong>Protection des donn\u00e9es personnelles<br \/>\nPolitique de confidentialit\u00e9<\/strong><\/span><\/h2>\n<p><span style=\"font-family: verdana, geneva, sans-serif;\">La protection de vos donn\u00e9es personnelles lors de la collecte, du traitement et de l\u2019utilisation lors de votre visite sur notre site Web est importante pour nous. Vos donn\u00e9es sont prot\u00e9g\u00e9es conform\u00e9ment aux lois en vigueur aux \u00c9tats-Unis et au sein de l'UE.<\/span><\/p>\n<p><span style=\"font-family: verdana, geneva, sans-serif;\">Si vous avez des questions sur la confidentialit\u00e9, ou si vous souhaitez exercer des droits ou revendiquer des donn\u00e9es personnelles, veuillez nous envoyer un courrier \u00e9lectronique \u00e0 \"<a href=\"mailto:service@moleculepants.com\">service@moleculepants.com<\/a>&#8220;.<\/span><\/p>\n<p><span style=\"font-family: verdana, geneva, sans-serif;\">Malgr\u00e9 une surveillance attentive, nous ne pouvons assumer la responsabilit\u00e9 des liens externes vers du contenu externe.<\/span><\/p>\n<h3><span style=\"font-family: verdana, geneva, sans-serif;\"><strong>1. Collecte et traitement des donn\u00e9es<\/strong><\/span><\/h3>\n<p><span style=\"font-family: verdana, geneva, sans-serif;\">Chaque acc\u00e8s \u00e0 notre site Web et chaque t\u00e9l\u00e9chargement d'un fichier sur le site Web sont enregistr\u00e9s. Le stockage sert \u00e0 des fins internes li\u00e9es au syst\u00e8me et statistiques. Les informations enregistr\u00e9es sont les suivantes: nom du fichier, date et heure de l\u2019acc\u00e8s, quantit\u00e9 de donn\u00e9es transf\u00e9r\u00e9es, notification de t\u00e9l\u00e9chargement r\u00e9ussi, navigateur Web et domaine demandeur.<\/span><br \/>\n<span style=\"font-family: verdana, geneva, sans-serif;\">Des donn\u00e9es personnelles suppl\u00e9mentaires ne sont collect\u00e9es que si vous fournissez ces informations volontairement, par exemple dans le cadre d'une demande d'informations ou d'un enregistrement.<\/span><\/p>\n<h3><span style=\"font-family: verdana, geneva, sans-serif;\"><strong>2. Utilisation et divulgation des donn\u00e9es personnelles<\/strong><\/span><\/h3>\n<p><span style=\"font-family: verdana, geneva, sans-serif;\">Si vous nous avez fourni des informations personnelles, nous les utilisons uniquement pour r\u00e9pondre \u00e0 vos demandes, pour traiter les contrats pass\u00e9s avec vous et pour l'administration technique.<\/span><br \/>\n<span style=\"font-family: verdana, geneva, sans-serif;\">Vos informations personnelles ne seront partag\u00e9es avec des tiers que si cela est n\u00e9cessaire pour ex\u00e9cuter le contrat ou \u00e0 des fins comptables ou si vous en avez pr\u00e9alablement convenu.<\/span><br \/>\n<span style=\"font-family: verdana, geneva, sans-serif;\">La suppression des donn\u00e9es personnelles stock\u00e9es s'ensuivra si vous r\u00e9voquez votre consentement \u00e0 l'enregistrement, lorsque les donn\u00e9es n\u00e9cessaires \u00e0 la r\u00e9alisation de l'objectif recherch\u00e9 ne sont plus n\u00e9cessaires ou si leur stockage est interdit de territoire pour d'autres raisons juridiques.<\/span><\/p>\n<h3><span style=\"font-family: verdana, geneva, sans-serif;\"><strong>3. Droit \u00e0 l'information<\/strong><\/span><\/h3>\n<p><span style=\"font-family: verdana, geneva, sans-serif;\">Sur demande \u00e9crite, nous vous informerons des donn\u00e9es enregistr\u00e9es vous concernant.<\/span><\/p>\n<h3><span style=\"font-family: verdana, geneva, sans-serif;\"><strong>4. Consentement, r\u00e9vocation et objection<\/strong><\/span><\/h3>\n<p><span style=\"font-family: verdana, geneva, sans-serif;\">Si nous utilisons les donn\u00e9es \u00e0 des fins n\u00e9c\u00e9ssitant votre consentement aux dispositions l\u00e9gales, nous vous demanderons toujours votre consentement explicite et nous enregistrerons votre consentement conform\u00e9ment aux dispositions de la protection des donn\u00e9es. Vous pouvez \u00e0 tout moment r\u00e9voquer votre consentement, affectant ainsi l'utilisation future de vos donn\u00e9es et \/ ou contredire les objectifs futurs de la publicit\u00e9, des \u00e9tudes de march\u00e9 et de l'opinion publique. Pour r\u00e9voquer un consentement ou \u00e9mettre une objection, un simple message par courrier \u00e9lectronique nous suffit. Vous pouvez, pour cela, utiliser les informations de contact fournies ci-dessus.<\/span><\/p>\n<h3><span style=\"font-family: verdana, geneva, sans-serif;\"><strong>Note de s\u00e9curit\u00e9:<\/strong><\/span><\/h3>\n<p><span style=\"font-family: verdana, geneva, sans-serif;\">Nous nous effor\u00e7ons de prot\u00e9ger vos donn\u00e9es personnelles en exploitant toutes les possibilit\u00e9s techniques et organisationnelles, afin de les rendre inaccessibles \u00e0 des tiers. Lors de la communication par e-mail, la s\u00e9curit\u00e9 compl\u00e8te des donn\u00e9es ne pouvant \u00eatre garantie, nous vous recommandons le courrier non \u00e9lectronique pour les informations confidentielles.<\/span><\/p>","protected":false},"excerpt":{"rendered":"<p>Privacy Data Protection Privacy Policy The protection of your personal data during collection, processing and use during your visit to our website is important to us. Your data is protected according to the laws of the USA and EU. If you have questions about privacy, wish to exercise any rights or claims to your personal [&hellip;]<\/p>\n","protected":false},"author":1,"featured_media":0,"parent":0,"menu_order":45,"comment_status":"closed","ping_status":"open","template":"","meta":{"footnotes":""},"class_list":["post-3","page","type-page","status-publish","hentry"],"blocksy_meta":{"styles_descriptor":{"styles":{"desktop":"","tablet":"","mobile":""},"google_fonts":[],"version":6}},"_links":{"self":[{"href":"https:\/\/moleculepants.com\/fr\/wp-json\/wp\/v2\/pages\/3","targetHints":{"allow":["GET"]}}],"collection":[{"href":"https:\/\/moleculepants.com\/fr\/wp-json\/wp\/v2\/pages"}],"about":[{"href":"https:\/\/moleculepants.com\/fr\/wp-json\/wp\/v2\/types\/page"}],"author":[{"embeddable":true,"href":"https:\/\/moleculepants.com\/fr\/wp-json\/wp\/v2\/users\/1"}],"replies":[{"embeddable":true,"href":"https:\/\/moleculepants.com\/fr\/wp-json\/wp\/v2\/comments?post=3"}],"version-history":[{"count":3,"href":"https:\/\/moleculepants.com\/fr\/wp-json\/wp\/v2\/pages\/3\/revisions"}],"predecessor-version":[{"id":1630,"href":"https:\/\/moleculepants.com\/fr\/wp-json\/wp\/v2\/pages\/3\/revisions\/1630"}],"wp:attachment":[{"href":"https:\/\/moleculepants.com\/fr\/wp-json\/wp\/v2\/media?parent=3"}],"curies":[{"name":"wp","href":"https:\/\/api.w.org\/{rel}","templated":true}]}}