{"id":427,"date":"2022-01-02T18:49:03","date_gmt":"2022-01-02T11:49:03","guid":{"rendered":"https:\/\/moleculepants.com\/?page_id=427"},"modified":"2025-05-28T18:34:20","modified_gmt":"2025-05-28T11:34:20","slug":"home-427","status":"publish","type":"page","link":"https:\/\/moleculepants.com\/fr\/","title":{"rendered":"Home"},"content":{"rendered":"<p class=\"has-text-align-center\"><a href=\"#sg-popup-id-473\">pour une <strong>s\u00e9lection rapide<\/strong>de mod\u00e8le, cliquez <strong>ici<\/strong> ou sur l' <strong>ic\u00f4ne Mol\u00e9cule<\/strong>.<\/a><\/p>\r\n\r\n\r\n\r\n<figure class=\"wp-block-image aligncenter\"><a href=\"#sg-popup-id-473\"><img loading=\"lazy\" decoding=\"async\" width=\"1200\" height=\"136\" class=\"wp-image-50602\" title=\"S\u00e9lection rapide du mod\u00e8le\" src=\"https:\/\/moleculepants.com\/wp-content\/uploads\/2022\/01\/Molecule_Cool_Fusion_Clothing_Panorama_new.jpg\" alt=\"\" srcset=\"https:\/\/moleculepants.com\/wp-content\/uploads\/2022\/01\/Molecule_Cool_Fusion_Clothing_Panorama_new.jpg 1200w, https:\/\/moleculepants.com\/wp-content\/uploads\/2022\/01\/Molecule_Cool_Fusion_Clothing_Panorama_new-900x102.jpg 900w, https:\/\/moleculepants.com\/wp-content\/uploads\/2022\/01\/Molecule_Cool_Fusion_Clothing_Panorama_new-300x34.jpg 300w, https:\/\/moleculepants.com\/wp-content\/uploads\/2022\/01\/Molecule_Cool_Fusion_Clothing_Panorama_new-1024x116.jpg 1024w, https:\/\/moleculepants.com\/wp-content\/uploads\/2022\/01\/Molecule_Cool_Fusion_Clothing_Panorama_new-768x87.jpg 768w, https:\/\/moleculepants.com\/wp-content\/uploads\/2022\/01\/Molecule_Cool_Fusion_Clothing_Panorama_new-18x2.jpg 18w\" sizes=\"auto, (max-width: 1200px) 100vw, 1200px\" \/><\/a><\/figure>\r\n\r\n\r\n\r\n<h2 id=\"we-re-a-studio-in-berlin-with-an-international-practice-in-architecture-urban-planning-and-interior-design-we-believe-in-sharing-knowledge-and-promoting-dialogue-to-increase-the-creative-potential-of-collaboration\" class=\"wp-block-heading alignwide has-text-align-center\" style=\"font-size:clamp(27.894px, 1.743rem + ((1vw - 3.2px) * 1.571), 48px); line-height: 1.1;\">Molecule Pants<\/h2>\r\n\r\n\r\n\r\n<figure class=\"wp-block-image alignright size-large is-resized\"><a href=\"#sg-popup-id-473\"><img decoding=\"async\" style=\"object-fit: contain; width: 59px; height: 59px;\" title=\"S\u00e9lection rapide du mod\u00e8le\" src=\"https:\/\/moleculepants.com\/wp-content\/uploads\/2022\/01\/Molecule_animated-GIF-1.gif\" alt=\"Quick Model Selection\" loading=\"lazy\" \/><\/a><\/figure>\r\n\r\n\r\n\r\n<div id=\"section-g7082af\" class=\"wp-block-gutentor-e1 section-g7082af gutentor-element gutentor-element-advanced-text\">\r\n<div class=\"gutentor-text-wrap\">\r\n<p class=\"gutentor-text\">Le concept \u00e9tait d'utiliser le prototype du pantalon militaire avec sa fiabilit\u00e9 et sa durabilit\u00e9, et de le transformer en un pantalon d'apparence plus d\u00e9contract\u00e9e et parfait pour les voyageurs, les travailleurs et toutes sortes de situations. Avec sa qualit\u00e9 remarquable et son design cool, ce pantalon cargo pratique est rapidement devenu tr\u00e8s populaire dans le monde entier.<br \/>\u00a0<br \/>Les pantalons cargo Molecule sont tr\u00e8s bien fabriqu\u00e9s avec des coutures fermes et un tissu 100 % coton r\u00e9sistant et durable.<br \/>\u00a0<br \/>Le style est classique, intemporel et surtout ample, pour que vous vous sentiez \u00e0 l'aise et disposiez de l'espace n\u00e9cessaire pour les jambes qui rendent ce pantalon particuli\u00e8rement populaire parmi les voyageurs, les randonneurs, les ouvriers monteurs, les musiciens, les aventuriers, les f\u00eatards et les globe-trotters. Ce sont des pantalons parfaits pour tout le monde et conviennent \u00e0 toutes sortes d'activit\u00e9s de travail, de loisirs et de plein air.<\/p>\r\n<\/div>\r\n<\/div>\r\n\r\n\r\n\r\n<div class=\"wp-block-group has-background is-layout-constrained wp-block-group-is-layout-constrained\" style=\"background-color: #f9dfc9;\">\r\n<div class=\"wp-block-group is-layout-constrained wp-block-group-is-layout-constrained\">\r\n<div class=\"wp-block-group is-layout-constrained wp-block-group-is-layout-constrained\">\r\n<h3 class=\"wp-block-heading\"><strong><img loading=\"lazy\" decoding=\"async\" class=\"size-full wp-image-50486 alignright\" src=\"https:\/\/moleculepants.com\/wp-content\/uploads\/2022\/01\/Shipping_Costs_image_FRENCH.gif\" alt=\"Shipping costs will be added in the cart or checkout\" width=\"300\" height=\"300\" title=\"\">Pourquoi les pantalons Molecule sont populaires:<\/strong><\/h3>\r\n\r\n\r\n\r\n<ul class=\"wp-block-list\">\r\n<li>La haute qualit\u00e9 du tissu et du traitement rendent ce pantalon durable et r\u00e9sistant.<\/li>\r\n\r\n\r\n\r\n<li>Ils sont pratiques et fonctionnels avec ces nombreuses grandes poches .<\/li>\r\n\r\n\r\n\r\n<li>Un design intemporel et moderne, avec une forme l\u00e9g\u00e8rement baggy.<\/li>\r\n\r\n\r\n\r\n<li>Fabrique 100% coton, facilement lavable en machine.<\/li>\r\n\r\n\r\n\r\n<li>Aucun repassage n\u00e9cessaire, l'\u00e9toffe se d\u00e9froisse en la portant.<\/li>\r\n\r\n\r\n\r\n<li>Nous proposons ces pantalons \u00e0 tr\u00e8s bas prix, \u00e9tant donn\u00e9 leur qualit\u00e9 et leur durabilit\u00e9.<\/li>\r\n<\/ul>\r\n<\/div>\r\n<\/div>\r\n<\/div>\r\n\r\n\r\n\r\n<h3 class=\"wp-block-heading\"><strong>Nous garantissons:<\/strong><\/h3>\r\n\r\n\r\n\r\n<ul class=\"wp-block-list\">\r\n<li>accurate shipping costs (will be added in your cart or during checkout)<\/li>\r\n\r\n\r\n\r\n<li>Traitement rapide des commandes (g\u00e9n\u00e9ralement sous 24h)<\/li>\r\n\r\n\r\n\r\n<li>Envoi en recommand\u00e9 (avec suivi de commande en ligne possible)<\/li>\r\n\r\n\r\n\r\n<li>Assistance client\u00e8le efficace (nous nous effor\u00e7ons de r\u00e9pondre \u00e0 chaque email personnellement et au plus vite)<\/li>\r\n\r\n\r\n\r\n<li>bien que les exp\u00e9ditions puissent \u00eatre retard\u00e9es (en fonction des douanes et des services postaux du pays de destination), AUCUN de nos envois n'a jamais \u00e9t\u00e9 perdu !<\/li>\r\n<\/ul>\r\n\r\n\r\n\r\n<h3 class=\"wp-block-heading\"><strong>Nous distribuons<\/strong>:<\/h3>\r\n\r\n\r\n\r\n<p>Nous distribuons directement les pantalons cargo Molecule <strong>depuis la Tha\u00eflande<\/strong> et achetez aupr\u00e8s du seul et unique fabricant d'origine \u00e0 Bangkok.<\/p>\r\n\r\n\r\n\r\n<figure class=\"wp-block-image aligncenter size-full has-custom-border\"><img loading=\"lazy\" decoding=\"async\" class=\"wp-image-64514 size-full aligncenter\" style=\"border-radius: 0px;\" src=\"https:\/\/moleculepants.com\/wp-content\/uploads\/2022\/01\/Molecule_Pants_2023_Logo_new2025.png\" alt=\"Molecule Pants 2025 logo\" width=\"580\" height=\"63\" title=\"\" srcset=\"https:\/\/moleculepants.com\/wp-content\/uploads\/2022\/01\/Molecule_Pants_2023_Logo_new2025.png 580w, https:\/\/moleculepants.com\/wp-content\/uploads\/2022\/01\/Molecule_Pants_2023_Logo_new2025-18x2.png 18w\" sizes=\"auto, (max-width: 580px) 100vw, 580px\" \/><\/figure>\r\n\r\n\r\n\r\n<p class=\"has-text-align-center\"><strong>Molecule \u2013 Cool Fusion Clothings<\/strong> est une marque tha\u00eflandaise depuis 1998.<\/p>","protected":false},"excerpt":{"rendered":"<p>For quick model selection, click here or on the Molecule-icon. Molecule Pants Why Molecule Pants are popular: We guarantee: We distribute: We distribute Molecule cargo pants directly from Thailand and purchase from the one and only original manufacturer in Bangkok. Molecule &#8211; Cool Fusion Clothings is a registered Thai brand since 1998<\/p>","protected":false},"author":1,"featured_media":0,"parent":0,"menu_order":0,"comment_status":"closed","ping_status":"closed","template":"","meta":{"footnotes":""},"class_list":["post-427","page","type-page","status-publish","hentry"],"blocksy_meta":{"styles_descriptor":{"styles":{"desktop":"","tablet":"","mobile":""},"google_fonts":[],"version":6},"page_title_panel":"","has_hero_section":"default","af9a21d520c8849618c486788b3b44b1":"","hero_section":"type-1","hero_elements":[{"id":"custom_title","enabled":true,"heading_tag":"h1","title":"Home"},{"id":"custom_description","enabled":true,"description_visibility":{"desktop":true,"tablet":true,"mobile":false}},{"id":"custom_meta","enabled":false,"meta_elements":[{"id":"author","enabled":true,"label":"By","has_author_avatar":"yes","avatar_size":25},{"id":"post_date","enabled":true,"label":"On","date_format_source":"default","date_format":"M j, Y"},{"id":"updated_date","enabled":false,"label":"On","date_format_source":"default","date_format":"M j, Y"},{"id":"categories","enabled":false,"label":"In","style":"simple"},{"id":"comments","enabled":true}],"page_meta_elements":{"joined":true,"articles_count":true,"comments":true}},{"id":"breadcrumbs","enabled":false}],"30532b17e4bbda1a1d2df2492b5a1028":"","hero_alignment1":"CT_CSS_SKIP_RULE","hero_margin":40,"hero_alignment2":"center","hero_vertical_alignment":"center","ec90384e16aabc90872ff4ed56dde215":"","hero_structure":"narrow","727ea67ed2b497a2e38731255a2c9a8c":"","page_title_bg_type":"featured_image","custom_hero_background":{"attachment_id":null},"parallax":{"desktop":false,"tablet":false,"mobile":false},"c586c9bb5828eb42346c8fc0a3c07d66":"","hero_height":"250px","pageTitleFont":{"family":"Default","variation":"Default","size":"30px","line-height":"CT_CSS_SKIP_RULE","letter-spacing":"CT_CSS_SKIP_RULE","text-transform":"CT_CSS_SKIP_RULE","text-decoration":"CT_CSS_SKIP_RULE"},"pageTitleFontColor":{"default":{"color":"CT_CSS_SKIP_RULEDEFAULT"}},"pageMetaFont":{"family":"Default","variation":"n6","size":"12px","line-height":"1.3","letter-spacing":"CT_CSS_SKIP_RULE","text-transform":"uppercase","text-decoration":"CT_CSS_SKIP_RULE"},"pageMetaFontColor":{"default":{"color":"CT_CSS_SKIP_RULEDEFAULT"},"hover":{"color":"CT_CSS_SKIP_RULEDEFAULT"}},"page_meta_button_type_font_colors":{"default":{"color":"CT_CSS_SKIP_RULEDEFAULT"},"hover":{"color":"CT_CSS_SKIP_RULEDEFAULT"}},"page_meta_button_type_background_colors":{"default":{"color":"CT_CSS_SKIP_RULEDEFAULT"},"hover":{"color":"CT_CSS_SKIP_RULEDEFAULT"}},"pageExcerptFont":{"family":"Default","variation":"Default","size":"CT_CSS_SKIP_RULE","line-height":"CT_CSS_SKIP_RULE","letter-spacing":"CT_CSS_SKIP_RULE","text-transform":"CT_CSS_SKIP_RULE","text-decoration":"CT_CSS_SKIP_RULE"},"pageExcerptColor":{"default":{"color":"CT_CSS_SKIP_RULEDEFAULT"}},"breadcrumbsFont":{"family":"Default","variation":"Default","size":"CT_CSS_SKIP_RULE","line-height":"CT_CSS_SKIP_RULE","letter-spacing":"CT_CSS_SKIP_RULE","text-transform":"CT_CSS_SKIP_RULE","text-decoration":"CT_CSS_SKIP_RULE"},"breadcrumbsFontColor":{"default":{"color":"CT_CSS_SKIP_RULEDEFAULT"},"initial":{"color":"CT_CSS_SKIP_RULEDEFAULT"},"hover":{"color":"CT_CSS_SKIP_RULEDEFAULT"}},"pageTitleOverlay":{"background_type":"color","background_pattern":"type-1","background_image":{"attachment_id":null,"x":0,"y":0},"gradient":"linear-gradient(135deg,rgba(6,147,227,1) 0%,rgb(155,81,224) 100%)","background_repeat":"repeat","background_size":"auto","background_attachment":"scroll","patternColor":{"default":{"color":"#e5e7ea"}},"overlayColor":{"default":{"color":"CT_CSS_SKIP_RULE"}},"backgroundColor":{"default":{"color":"CT_CSS_SKIP_RULE"}}},"pageTitleBackground":{"background_type":"color","background_pattern":"type-1","background_image":{"attachment_id":null,"x":0,"y":0},"gradient":"linear-gradient(135deg,rgba(6,147,227,1) 0%,rgb(155,81,224) 100%)","background_repeat":"repeat","background_size":"auto","background_attachment":"scroll","patternColor":{"default":{"color":"#e5e7ea"}},"overlayColor":{"default":{"color":"CT_CSS_SKIP_RULE"}},"backgroundColor":{"default":{"color":"var(--theme-palette-color-6)"}}},"pageTitlePadding":{"top":"50px","bottom":"50px","left":"auto","right":"auto","linked":true},"246c6cea2beab5d69c81768ea005c668":"","page_structure_type":"default","b53025f780bfc3906f8a316187376d17":"","content_style_source":"inherit","content_style":"wide","vertical_spacing_source":"inherit","content_area_spacing":"both","background":{"background_type":"color","background_pattern":"type-1","background_image":{"attachment_id":null,"x":0,"y":0},"gradient":"linear-gradient(135deg,rgba(6,147,227,1) 0%,rgb(155,81,224) 100%)","background_repeat":"repeat","background_size":"auto","background_attachment":"scroll","patternColor":{"default":{"color":"#e5e7ea"}},"overlayColor":{"default":{"color":"CT_CSS_SKIP_RULE"}},"backgroundColor":{"default":{"color":"CT_CSS_SKIP_RULE"}}},"content_background":{"background_type":"color","background_pattern":"type-1","background_image":{"attachment_id":null,"x":0,"y":0},"gradient":"linear-gradient(135deg,rgba(6,147,227,1) 0%,rgb(155,81,224) 100%)","background_repeat":"repeat","background_size":"auto","background_attachment":"scroll","patternColor":{"default":{"color":"#e5e7ea"}},"overlayColor":{"default":{"color":"CT_CSS_SKIP_RULE"}},"backgroundColor":{"default":{"color":"var(--theme-palette-color-8)"}}},"content_boxed_shadow":{"inherit":false,"blur":18,"spread":-6,"v_offset":12,"h_offset":0,"inset":false,"enable":true,"color":{"color":"rgba(34, 56, 101, 0.04)"}},"boxed_content_spacing":{"desktop":{"top":"40px","bottom":"40px","left":"40px","right":"40px","linked":true},"tablet":{"top":"35px","bottom":"35px","left":"35px","right":"35px","linked":true},"mobile":{"top":"20px","bottom":"20px","left":"20px","right":"20px","linked":true}},"content_boxed_radius":{"top":"3px","bottom":"3px","left":"3px","right":"3px","linked":true},"2e96107093af9d912e5b50ebcbb4598e":"","disable_featured_image":"no","disable_share_box":"no","disable_header":"no","disable_footer":"no"},"_links":{"self":[{"href":"https:\/\/moleculepants.com\/fr\/wp-json\/wp\/v2\/pages\/427","targetHints":{"allow":["GET"]}}],"collection":[{"href":"https:\/\/moleculepants.com\/fr\/wp-json\/wp\/v2\/pages"}],"about":[{"href":"https:\/\/moleculepants.com\/fr\/wp-json\/wp\/v2\/types\/page"}],"author":[{"embeddable":true,"href":"https:\/\/moleculepants.com\/fr\/wp-json\/wp\/v2\/users\/1"}],"replies":[{"embeddable":true,"href":"https:\/\/moleculepants.com\/fr\/wp-json\/wp\/v2\/comments?post=427"}],"version-history":[{"count":10,"href":"https:\/\/moleculepants.com\/fr\/wp-json\/wp\/v2\/pages\/427\/revisions"}],"predecessor-version":[{"id":64561,"href":"https:\/\/moleculepants.com\/fr\/wp-json\/wp\/v2\/pages\/427\/revisions\/64561"}],"wp:attachment":[{"href":"https:\/\/moleculepants.com\/fr\/wp-json\/wp\/v2\/media?parent=427"}],"curies":[{"name":"wp","href":"https:\/\/api.w.org\/{rel}","templated":true}]}}