{"id":7,"date":"2021-12-22T10:14:45","date_gmt":"2021-12-22T09:14:45","guid":{"rendered":"https:\/\/moleculepants.com\/warenkorb\/"},"modified":"2025-08-30T16:10:55","modified_gmt":"2025-08-30T09:10:55","slug":"shopping-cart","status":"publish","type":"page","link":"https:\/\/moleculepants.com\/fr\/shopping-cart\/","title":{"rendered":"Panier"},"content":{"rendered":"<p><p style=\"text-align: center;\"><span style=\"color: #b03030;\"><strong>Cliquez sur \u00ab Modifier l\u2019adresse \u00bb et s\u00e9lectionnez votre pays pour calculer les frais de livraison. Veuillez s\u00e9lectionner la devise dans laquelle vous effectuerez le paiement.<\/strong><\/span><\/p><\/p>\n\n\n\n\n\n\n<p class=\"has-text-align-center has-background\" style=\"background-color:#ffd6d7\"><p class=\"has-text-align-center has-background\" style=\"background-color: #ffd6d7;\"><span style=\"font-family: verdana, geneva, sans-serif;\"><strong>Si vous rencontrez des probl\u00e8mes ou questions <\/strong>pendant le processus de paiement, veuillez<strong> nous contacter: <a href=\"mailto:service@moleculepants.com\">service@moleculepants.com<\/a><\/strong>\u00a0et d\u00e9crivez ce qui s'est pass\u00e9 et quand \/ comment le probl\u00e8me s'est produit.<\/span><\/p><\/p>\n\n\n\n<p class=\"has-text-align-center has-background\" style=\"background-color:#ffd6d7\"><\/p>\n\n\n\n<section id=\"215cb4\" class=\"wp-block-gutentor-m13 section-215cb4 gutentor-module gutentor-module-table-of-contents\"><div class=\"grid-container\"><div class=\"g-toc\"><div class=\"g-toc-header\"><div class=\"g-toc-heading\"><div class=\"g-toc-title\"><strong>Aper\u00e7u des m\u00e9thodes d'exp\u00e9dition :<\/strong><\/div><\/div><\/div><div class=\"g-toc-body\"><ol class=\"g-ordered-list\" type=\"1\"><li><a href=\"#1-\">Exp\u00e9diteur priv\u00e9 \u2013 courrier a\u00e9rien r\u00e9gulier (max. 30 kg) \u2013 environ 6 \u00e0 10 jours<\/a><\/li><li><a href=\"#2--epacket-air--recommended\">ePacket Air \u2013 courrier a\u00e9rien r\u00e9gulier (max. 2 kg) \u2013 environ 8 \u00e0 14 jours<\/a><\/li><li><a href=\"#4--parcel-air--recommended-over-2kg\">Parcel Air \u2013 courrier a\u00e9rien r\u00e9gulier (jusqu'\u00e0 20\/30 kg) \u2013 environ 14 jours<\/a><\/li><li><a href=\"#5--ems-world-\">EMS World \u2013 courrier a\u00e9rien \u2013 traitement privil\u00e9gi\u00e9 \u2013 environ 6 \u00e0 10 jours<\/a><\/li><li><a href=\"#6-courier-post--dhl-express\">Courier Post \/ DHL Express \u2013 courrier a\u00e9rien express \u2013 environ 3 \u00e0 6 jours<\/a><\/li><li><a href=\"#3--parcel-surface-\">Surface du colis \u2013 par voie maritime et terrestre \u2013 environ 2 \u00e0 4 mois !<\/a><\/li><\/ol><\/div><\/div><\/div><\/section>\n\n\n\n<p class=\"has-text-align-center has-palette-color-8-background-color has-background\"><strong>TOUS les envois sont enregistr\u00e9s et donc tra\u00e7ables.<\/strong><\/p>\n\n\n\n<h5 class=\"wp-block-heading\" id=\"7-please-note\">Veuillez noter:<\/h5>\n\n\n\n<ul class=\"wp-block-list\">\n<li><strong>Tarifs et disponibilit\u00e9 <\/strong>d\u00e9pend de la <strong>pays de destination<\/strong> et le <strong>poids total<\/strong> du paquet.<\/li>\n\n\n\n<li><strong>TOUS les envois seront enregistr\u00e9s et donc tra\u00e7ables<\/strong>. Vous recevrez un <strong>num\u00e9ro de suivi<\/strong> et un lien vers le <strong>site Web de suivi de colis<\/strong>.<\/li>\n\n\n\n<li>Les <strong>d\u00e9lais de livraison sont des moyennes (pas des garanties !)<\/strong>. Nous n' avons <strong>aucune influence sur le d\u00e9douanement<\/strong> dans le pays de destination.<\/li>\n\n\n\n<li><strong>Des taxes d'importation et\/ou des droits de douane peuvent s'appliquer.<\/strong>. Veuillez vous informer sur les r\u00e9glementations douani\u00e8res de votre pays.<\/li>\n<\/ul>\n\n\n\n<p><br><\/p>\n\n\n\n<h2 class=\"wp-block-heading\" id=\"1-\"><strong>Exp\u00e9diteur priv\u00e9<\/strong> \u2013 courrier a\u00e9rien inscrit (max. 30 kg) \u2013 environ 6 \u00e0 10 jours<\/h2>\n\n\n\n<ul class=\"wp-block-list\">\n<li>courrier a\u00e9rien \u00e0 prix r\u00e9duit \u2013 <strong>plus rapide que la plupart des services<\/strong> (sauf Courier Post\/DHL)<\/li>\n\n\n\n<li><strong>Frais de douane\/d'importation inclus<\/strong> pour: <strong>Australie, Canada, Hong Kong, Inde, Malaisie, Philippines, Singapour, \u00c9mirats arabes unis, \u00c9tats-Unis<\/strong>. Aucun frais d'importation suppl\u00e9mentaire garanti pour ces pays !<\/li>\n\n\n\n<li>aucune limite de poids (jusqu'\u00e0 30 kg)<\/li>\n\n\n\n<li>enregistr\u00e9 =<strong> suivi et tra\u00e7abilit\u00e9 dans le monde entier<\/strong><\/li>\n\n\n\n<li>prix gradu\u00e9s uniform\u00e9ment en fonction du poids tous les 100 g (100, 200, 300, \u2026 jusqu'\u00e0 2000 g), puis 500 g (2500, 3000, 3500, \u2026)<\/li>\n\n\n\n<li>op\u00e8re depuis 2000 \u2013 exp\u00e9rience depuis plus de 2 d\u00e9cennies !<\/li>\n\n\n\n<li>empiriquement d\u00e9lai d'exp\u00e9dition : <strong>6 \u00e0 10 jours<\/strong><\/li>\n<\/ul>\n\n\n\n<h2 class=\"wp-block-heading\" id=\"2--epacket-air--recommended\"><strong>ePacket Air<\/strong> \u2013 courrier a\u00e9rien inscrit (max. 2 kg) \u2013 environ 8 \u00e0 14 jours<\/h2>\n\n\n\n<ul class=\"wp-block-list\">\n<li>poste a\u00e9rienne \u00e0 petit prix<\/li>\n\n\n\n<li>parfait pour les colis de faible valeur<\/li>\n\n\n\n<li><strong style=\"font-size: 1rem;\">limit\u00e9 \u00e0 2 kg<\/strong> (If your order exceeds 2 kg this shipping method won&#8217;t be available in the cart)<\/li>\n\n\n\n<li>enregistr\u00e9 = <strong>suivi et tra\u00e7abilit\u00e9<\/strong> en Tha\u00eflande et dans le pays de destination (lors du traitement)<\/li>\n\n\n\n<li>prix gradu\u00e9s uniform\u00e9ment en fonction du poids tous les 100 g (100, 200, 300, \u2026 max. 2000 g)<\/li>\n\n\n\n<li>empiriquement d\u00e9lai d'exp\u00e9dition : <strong>8 \u00e0 14 jours<\/strong><\/li>\n<\/ul>\n\n\n\n<h2 class=\"wp-block-heading\" id=\"4--parcel-air--recommended-over-2kg\"><strong>Parcel Air<\/strong> \u2013 courrier a\u00e9rien inscrit (jusqu'\u00e0 20\/30 kg) \u2013 environ 14 jours<\/h2>\n\n\n\n<ul id=\"block-3c432584-d23f-4d00-82e0-9afafffa6eb2\" class=\"wp-block-list\">\n<li>courrier a\u00e9rien standard<\/li>\n\n\n\n<li>aucune limite de poids (jusqu'\u00e0 30 kg, certains pays 20 kg)<\/li>\n\n\n\n<li>prix gradu\u00e9s uniform\u00e9ment en fonction du poids tous les 1 kg (1 kg, 2 kg, 3 kg, \u2026 max. 20 ou 30 kg)<\/li>\n\n\n\n<li>enregistr\u00e9 = <strong>suivi et tra\u00e7abilit\u00e9<\/strong> en Tha\u00eflande et enfin dans le pays de destination (lors du traitement)<\/li>\n\n\n\n<li>empiriquement d\u00e9lai d'exp\u00e9dition : <strong>14 jours<\/strong><\/li>\n<\/ul>\n\n\n\n<h2 class=\"wp-block-heading\" id=\"5--ems-world-\"><strong>EMS World<\/strong> \u2013 courrier a\u00e9rien \u2013 traitement privil\u00e9gi\u00e9 \u2013 environ 6 \u00e0 10 jours<\/h2>\n\n\n\n<ul id=\"block-c394bcbf-fb39-4443-ae89-3719d6080d15\" class=\"wp-block-list\">\n<li>courrier a\u00e9rien privil\u00e9gi\u00e9<\/li>\n\n\n\n<li>traitement l\u00e9g\u00e8rement plus rapide et privil\u00e9gi\u00e9 (en utilisant le r\u00e9seau postal habituel)<\/li>\n\n\n\n<li>enregistr\u00e9 =<strong> suivi et tra\u00e7abilit\u00e9<\/strong> en Tha\u00eflande et enfin dans le pays de destination (lors du traitement)<\/li>\n\n\n\n<li>prix gradu\u00e9s en fonction du poids tous les 500g (500g, 1kg, 1,5kg, 2kg, \u2026max. 20 ou 30kg)<\/li>\n\n\n\n<li>empiriquement d\u00e9lai d'exp\u00e9dition : <strong>6 \u00e0 10 jours<\/strong><\/li>\n<\/ul>\n\n\n\n<h2 class=\"wp-block-heading\" id=\"6-courier-post--dhl-express\">Courier Post \/ DHL Express \u2013 courrier a\u00e9rien express \u2013 environ 3 \u00e0 6 jours<\/h2>\n\n\n\n<ul id=\"block-30fab209-39af-4a2f-9164-5026a4beec59\" class=\"wp-block-list\">\n<li>in collaboration with <strong>DHL Express International<\/strong><\/li>\n\n\n\n<li><strong>courrier a\u00e9rien express<\/strong> (Flotte d'avions DHL et services de fret a\u00e9rien) \u2013 l'option la plus rapide !<\/li>\n\n\n\n<li><strong>en utilisant le r\u00e9seau de livraison unique de DHL<\/strong><\/li>\n\n\n\n<li><strong>coutumes express<\/strong> dans le pays de destination (en coop\u00e9ration avec les douanes locales)<\/li>\n\n\n\n<li>enregistr\u00e9 = <strong>suivi et tra\u00e7abilit\u00e9<\/strong> en Tha\u00eflande et enfin dans le pays de destination (lors du traitement)<\/li>\n\n\n\n<li>prix gradu\u00e9s en fonction du poids tous les 500g (500g, 1kg, 1,5kg, 2kg, \u2026max. 20 ou 30kg)<\/li>\n\n\n\n<li>empiriquement d\u00e9lai d'exp\u00e9dition : <strong>3 \u00e0 6 jours<\/strong><\/li>\n<\/ul>\n\n\n\n<h2 class=\"wp-block-heading\" id=\"3--parcel-surface-\"><strong>Parcel Surface<\/strong> \u2013 par voie maritime et terrestre \u2013 environ 2 \u00e0 4 mois !<\/h2>\n\n\n\n<ul id=\"block-1b8ce351-f889-4969-99b0-4be8d7053646\" class=\"wp-block-list\">\n<li>prix budget mais <strong>tr\u00e8s lent!<\/strong><\/li>\n\n\n\n<li><strong>PAS par avion<\/strong>, exp\u00e9dition uniquement par voie maritime et terrestre<\/li>\n\n\n\n<li>le plus le package total est lourd, le plus il est rentable par rapport aux autres m\u00e9thodes<\/li>\n\n\n\n<li>prix gradu\u00e9s uniform\u00e9ment en fonction du poids tous les 1 kg (1 kg, 2 kg, 3 kg, \u2026 max. 20 ou 30 kg)<\/li>\n\n\n\n<li><strong>suivi et tra\u00e7abilit\u00e9 <\/strong>en Tha\u00eflande et enfin dans le pays de destination \u2013 mais <strong>AUCUN suivi d\u00e9taill\u00e9 en cours d'itin\u00e9raire !<\/strong><\/li>\n\n\n\n<li>empiriquement d\u00e9lai d'exp\u00e9dition : <strong>2 \u00e0 4 mois !<\/strong><\/li>\n<\/ul>\n\n\n\n<p><br><\/p>\n\n\n<p><span style=\"font-family: verdana, geneva, sans-serif;\"><!-- \/wp:post-content --><\/span><\/p>\n<p class=\"has-text-align-center\"><span style=\"font-family: verdana, geneva, sans-serif;\"><!-- \/wp:group --><\/span><\/p>\n<p><!-- wp:group --><\/p>\n<div class=\"wp-block-group\"><span style=\"font-family: verdana, geneva, sans-serif;\"><!-- wp:group --><\/span><\/div>\n<div class=\"wp-block-group\"><span style=\"font-family: verdana, geneva, sans-serif;\"><!-- wp:group --><\/span><\/div>\n<div class=\"wp-block-group\"><span style=\"font-family: verdana, geneva, sans-serif;\"><!-- wp:group {\"align\":\"wide\",\"style\":{\"color\":{\"background\":\"#fde9d8\"}}} --><\/span>\n<div class=\"wp-block-group alignwide has-background\" style=\"background-color: #fde9d8;\"><span style=\"font-family: verdana, geneva, sans-serif;\"><!-- wp:paragraph {\"align\":\"center\",\"textColor\":\"black\"} --><\/span>\n<p class=\"has-text-align-center has-black-color has-text-color\"><span style=\"font-family: verdana, geneva, sans-serif;\">Certains pays et m\u00e9thodes d'exp\u00e9dition (pour certains pays) <strong>peut-\u00eatre PAS encore dans notre syst\u00e8me de calcul<\/strong>.<\/span><\/p>\n<p><span style=\"font-family: verdana, geneva, sans-serif;\"><!-- \/wp:paragraph --><\/span><\/p>\n<p><!-- wp:paragraph {\"align\":\"center\"} --><\/p>\n<p class=\"has-text-align-center\"><span style=\"font-family: verdana, geneva, sans-serif;\"><strong><a class=\"rank-math-link\" href=\"\/contact-us\/\">Veuillez nous contacter si votre pays n'est pas disponible, nous serons heureux de v\u00e9rifier !<\/a><\/strong><\/span><\/p>\n<p><span style=\"font-family: verdana, geneva, sans-serif;\"><!-- \/wp:paragraph --><\/span><\/p>\n<p><!-- wp:paragraph {\"align\":\"center\",\"textColor\":\"vivid-cyan-blue\"} --><\/p>\n<p class=\"has-text-align-center has-vivid-cyan-blue-color has-text-color\"><span style=\"font-family: verdana, geneva, sans-serif;\"><a class=\"rank-math-link\" href=\"\/contact-us\/\"><strong>contactez-nous (cliquez ici)!<\/strong><\/a><\/span><\/p>\n<p><span style=\"font-family: verdana, geneva, sans-serif;\"><!-- \/wp:paragraph --><\/span><\/p>\n<\/div>\n<p><span style=\"font-family: verdana, geneva, sans-serif;\"><!-- \/wp:group --><\/span><\/p>\n<p><!-- wp:paragraph --><\/p>\n<p><span style=\"font-family: verdana, geneva, sans-serif;\"><!-- \/wp:paragraph --><\/span><\/p>\n<\/div>\n<p><span style=\"font-family: verdana, geneva, sans-serif;\"><!-- \/wp:group --><\/span><\/p>\n<p><span style=\"font-family: verdana, geneva, sans-serif;\"><!-- \/wp:group --><\/span><\/p>\n<p><!-- wp:image {\"id\":1533,\"sizeSlug\":\"full\",\"linkDestination\":\"custom\"} --><\/p>\n<figure class=\"wp-block-image size-full\"><\/figure>\n<p><!-- \/wp:image --><\/p>\n<p class=\"has-text-align-center\"><!-- \/wp:group --><\/p>\n\n<!-- wp:paragraph {\"align\":\"center\",\"style\":{\"color\":{\"background\":\"#ffd6d7\"}}} -->\n<p class=\"has-text-align-center has-background\" style=\"background-color:#ffd6d7\"><\/p>\n<!-- \/wp:paragraph -->\n\n<!-- wp:table {\"className\":\"wp-block-table is-style-stripes\",\"style\":{\"color\":{\"background\":\"#ffe9c9\"}}} \/-->\n\n<!-- wp:image {\"align\":\"center\",\"id\":1533,\"sizeSlug\":\"full\",\"linkDestination\":\"custom\",\"className\":\"is-style-default\"} -->\n<figure class=\"wp-block-image aligncenter size-full is-style-default\"><\/figure>\n<!-- \/wp:image -->","protected":false},"excerpt":{"rendered":"<p>Click on &#8220;Change address&#8221; and select your country to calculate the shipping costs.Please select the currency in which you will make the payment. If you encounter any problems or issues during the check-out process, please contact us: service@moleculepants.com\u00a0and describe what happened and when \/ how the issue occurred. ALL shipments are registered and therefore traceable. [&hellip;]<\/p>\n","protected":false},"author":1,"featured_media":0,"parent":0,"menu_order":15,"comment_status":"closed","ping_status":"closed","template":"","meta":{"footnotes":""},"class_list":["post-7","page","type-page","status-publish","hentry"],"blocksy_meta":{"styles_descriptor":{"styles":{"desktop":"","tablet":"","mobile":""},"google_fonts":[],"version":6},"page_title_panel":"","has_hero_section":"default","654e27c50fe71389ff3c86d747860a17":"","hero_section":"type-1","hero_elements":[{"id":"custom_title","enabled":true,"heading_tag":"h1","title":"Home"},{"id":"custom_description","enabled":true,"description_visibility":{"desktop":true,"tablet":true,"mobile":false}},{"id":"custom_meta","enabled":false,"meta_elements":[{"id":"author","enabled":true,"label":"By","has_author_avatar":"yes","avatar_size":25},{"id":"post_date","enabled":true,"label":"On","date_format_source":"default","date_format":"M j, Y"},{"id":"updated_date","enabled":false,"label":"On","date_format_source":"default","date_format":"M j, Y"},{"id":"categories","enabled":false,"label":"In","style":"simple"},{"id":"comments","enabled":true}],"page_meta_elements":{"joined":true,"articles_count":true,"comments":true}},{"id":"breadcrumbs","enabled":false}],"556e2df05d79df6fcb205cb932872c58":"","hero_alignment1":"CT_CSS_SKIP_RULE","hero_margin":40,"hero_alignment2":"center","hero_vertical_alignment":"center","9fac40df805a651926111f1ca077e24a":"","hero_structure":"narrow","c6036eea60b05ebd91c81ead6344cd9b":"","page_title_bg_type":"featured_image","custom_hero_background":{"attachment_id":null},"parallax":{"desktop":false,"tablet":false,"mobile":false},"8dbe8926f90955af972868d3db59eb16":"","hero_height":"250px","pageTitleFont":{"family":"Default","variation":"Default","size":"30px","line-height":"CT_CSS_SKIP_RULE","letter-spacing":"CT_CSS_SKIP_RULE","text-transform":"CT_CSS_SKIP_RULE","text-decoration":"CT_CSS_SKIP_RULE"},"pageTitleFontColor":{"default":{"color":"CT_CSS_SKIP_RULEDEFAULT"}},"pageMetaFont":{"family":"Default","variation":"n6","size":"12px","line-height":"1.3","letter-spacing":"CT_CSS_SKIP_RULE","text-transform":"uppercase","text-decoration":"CT_CSS_SKIP_RULE"},"pageMetaFontColor":{"default":{"color":"CT_CSS_SKIP_RULEDEFAULT"},"hover":{"color":"CT_CSS_SKIP_RULEDEFAULT"}},"page_meta_button_type_font_colors":{"default":{"color":"CT_CSS_SKIP_RULEDEFAULT"},"hover":{"color":"CT_CSS_SKIP_RULEDEFAULT"}},"page_meta_button_type_background_colors":{"default":{"color":"CT_CSS_SKIP_RULEDEFAULT"},"hover":{"color":"CT_CSS_SKIP_RULEDEFAULT"}},"pageExcerptFont":{"family":"Default","variation":"Default","size":"CT_CSS_SKIP_RULE","line-height":"CT_CSS_SKIP_RULE","letter-spacing":"CT_CSS_SKIP_RULE","text-transform":"CT_CSS_SKIP_RULE","text-decoration":"CT_CSS_SKIP_RULE"},"pageExcerptColor":{"default":{"color":"CT_CSS_SKIP_RULEDEFAULT"}},"breadcrumbsFont":{"family":"Default","variation":"Default","size":"CT_CSS_SKIP_RULE","line-height":"CT_CSS_SKIP_RULE","letter-spacing":"CT_CSS_SKIP_RULE","text-transform":"CT_CSS_SKIP_RULE","text-decoration":"CT_CSS_SKIP_RULE"},"breadcrumbsFontColor":{"default":{"color":"CT_CSS_SKIP_RULEDEFAULT"},"initial":{"color":"CT_CSS_SKIP_RULEDEFAULT"},"hover":{"color":"CT_CSS_SKIP_RULEDEFAULT"}},"pageTitleOverlay":{"background_type":"color","background_pattern":"type-1","background_image":{"attachment_id":null,"x":0,"y":0},"gradient":"linear-gradient(135deg,rgba(6,147,227,1) 0%,rgb(155,81,224) 100%)","background_repeat":"repeat","background_size":"auto","background_attachment":"scroll","patternColor":{"default":{"color":"#e5e7ea"}},"overlayColor":{"default":{"color":"CT_CSS_SKIP_RULE"}},"backgroundColor":{"default":{"color":"CT_CSS_SKIP_RULE"}}},"pageTitleBackground":{"background_type":"color","background_pattern":"type-1","background_image":{"attachment_id":null,"x":0,"y":0},"gradient":"linear-gradient(135deg,rgba(6,147,227,1) 0%,rgb(155,81,224) 100%)","background_repeat":"repeat","background_size":"auto","background_attachment":"scroll","patternColor":{"default":{"color":"#e5e7ea"}},"overlayColor":{"default":{"color":"CT_CSS_SKIP_RULE"}},"backgroundColor":{"default":{"color":"var(--theme-palette-color-6)"}}},"pageTitlePadding":{"top":"50px","bottom":"50px","left":"auto","right":"auto","linked":true},"e55c23c07b92584da1aa90bcf86f9cd4":"","page_structure_type":"type-4","4421a37c4cf472fe1dbea0ef6a434054":"","content_style_source":"inherit","content_style":"wide","vertical_spacing_source":"inherit","content_area_spacing":"both","background":{"background_type":"color","background_pattern":"type-1","background_image":{"attachment_id":null,"x":0,"y":0},"gradient":"linear-gradient(135deg,rgba(6,147,227,1) 0%,rgb(155,81,224) 100%)","background_repeat":"repeat","background_size":"auto","background_attachment":"scroll","patternColor":{"default":{"color":"#e5e7ea"}},"overlayColor":{"default":{"color":"CT_CSS_SKIP_RULE"}},"backgroundColor":{"default":{"color":"CT_CSS_SKIP_RULE"}}},"content_background":{"background_type":"color","background_pattern":"type-1","background_image":{"attachment_id":null,"x":0,"y":0},"gradient":"linear-gradient(135deg,rgba(6,147,227,1) 0%,rgb(155,81,224) 100%)","background_repeat":"repeat","background_size":"auto","background_attachment":"scroll","patternColor":{"default":{"color":"#e5e7ea"}},"overlayColor":{"default":{"color":"CT_CSS_SKIP_RULE"}},"backgroundColor":{"default":{"color":"var(--theme-palette-color-8)"}}},"content_boxed_shadow":{"inherit":false,"blur":18,"spread":-6,"v_offset":12,"h_offset":0,"inset":false,"enable":true,"color":{"color":"rgba(34, 56, 101, 0.04)"}},"boxed_content_spacing":{"desktop":{"top":"40px","bottom":"40px","left":"40px","right":"40px","linked":true},"tablet":{"top":"35px","bottom":"35px","left":"35px","right":"35px","linked":true},"mobile":{"top":"20px","bottom":"20px","left":"20px","right":"20px","linked":true}},"content_boxed_radius":{"top":"3px","bottom":"3px","left":"3px","right":"3px","linked":true},"ea76adf5f50590298f62ac59c3d7e83b":"","disable_featured_image":"no","disable_share_box":"no","disable_header":"no","disable_footer":"no"},"_links":{"self":[{"href":"https:\/\/moleculepants.com\/fr\/wp-json\/wp\/v2\/pages\/7","targetHints":{"allow":["GET"]}}],"collection":[{"href":"https:\/\/moleculepants.com\/fr\/wp-json\/wp\/v2\/pages"}],"about":[{"href":"https:\/\/moleculepants.com\/fr\/wp-json\/wp\/v2\/types\/page"}],"author":[{"embeddable":true,"href":"https:\/\/moleculepants.com\/fr\/wp-json\/wp\/v2\/users\/1"}],"replies":[{"embeddable":true,"href":"https:\/\/moleculepants.com\/fr\/wp-json\/wp\/v2\/comments?post=7"}],"version-history":[{"count":10,"href":"https:\/\/moleculepants.com\/fr\/wp-json\/wp\/v2\/pages\/7\/revisions"}],"predecessor-version":[{"id":64835,"href":"https:\/\/moleculepants.com\/fr\/wp-json\/wp\/v2\/pages\/7\/revisions\/64835"}],"wp:attachment":[{"href":"https:\/\/moleculepants.com\/fr\/wp-json\/wp\/v2\/media?parent=7"}],"curies":[{"name":"wp","href":"https:\/\/api.w.org\/{rel}","templated":true}]}}