{"id":64738,"date":"2025-07-24T13:39:14","date_gmt":"2025-07-24T06:39:14","guid":{"rendered":"https:\/\/moleculepants.com\/?post_type=product&#038;p=64738"},"modified":"2026-04-21T01:04:44","modified_gmt":"2026-04-20T18:04:44","slug":"molecule-45019-venture-navy-blue-long","status":"publish","type":"product","link":"https:\/\/moleculepants.com\/fr\/produit\/molecule-45019-venture-navy-blue-long\/","title":{"rendered":"Molecule 45019 \u201cVenture\u201d NAVY BLUE (Limited) long cargo pants"},"content":{"rendered":"<h1 style=\"text-align: center;\"><span style=\"font-family: verdana, geneva, sans-serif;\">Venture Navy Blue &#8211; Limited Edition<\/span><\/h1>\n<h1 style=\"text-align: center;\"><span style=\"font-family: verdana, geneva, sans-serif;\">Long Cargo Pants \/ Cargo Trousers<\/span><\/h1>\n<h2 style=\"text-align: center;\"><span style=\"font-family: verdana, geneva, sans-serif;\">Molecule Venture Navy Blue &#8211; 45019<a href=\"https:\/\/moleculepants.com\"><img loading=\"lazy\" decoding=\"async\" class=\"alignright wp-image-1291 size-full\" title=\"Retour \u00e0 la page d&#039;accueil\" src=\"https:\/\/moleculepants.com\/wp-content\/uploads\/2022\/01\/Molecule_animated-GIF-1.gif\" alt=\"Molecule Pants Icon\" width=\"59\" height=\"59\" srcset=\"https:\/\/moleculepants.com\/wp-content\/uploads\/2022\/01\/Molecule_animated-GIF-1.gif 59w, https:\/\/moleculepants.com\/wp-content\/uploads\/2022\/01\/Molecule_animated-GIF-1-12x12.gif 12w\" sizes=\"auto, (max-width: 59px) 100vw, 59px\" \/><\/a><\/span><\/h2>\n<p><span style=\"font-family: verdana, geneva, sans-serif;\">The Long Molecule Venture Navy Blue &#8211; Special Edition of this very popular model. It is more baggy than most other models, so it has a slightly lower crotch and wider legs.<\/span><\/p>\n<p style=\"text-align: center;\"><span style=\"font-family: verdana, geneva, sans-serif;\"><strong>Navy Blue is a special edition and is usually not being produced &#8211; only a few products are in stock!<\/strong><\/span><\/p>\n<p style=\"text-align: center;\"><span style=\"font-family: verdana, geneva, sans-serif;\">\n<table id=\"tablepress-1112s\" class=\"tablepress tablepress-id-1112s Speci\">\n<thead>\n<tr class=\"row-1\">\n\t<th class=\"column-1\"><strong>Nom du mod\u00e8le\/ID<\/strong><\/th><th class=\"column-2\">Venture \/ 45019<\/th>\n<\/tr>\n<\/thead>\n<tbody class=\"row-striping row-hover\">\n<tr class=\"row-2\">\n\t<td class=\"column-1\"><strong>Type<\/strong><\/td><td class=\"column-2\">long<\/td>\n<\/tr>\n<tr class=\"row-3\">\n\t<td class=\"column-1\"><strong>Mat\u00e9riel<\/strong><\/td><td class=\"column-2\">100% coton \u00e9pais<\/td>\n<\/tr>\n<tr class=\"row-4\">\n\t<td class=\"column-1\"><strong>Des Poches<\/strong><\/td><td class=\"column-2\">8, rabats sur les poches avant, tous les rabats avec boutons-pression<\/td>\n<\/tr>\n<tr class=\"row-5\">\n\t<td class=\"column-1\"><strong>D'autres<\/strong><\/td><td class=\"column-2\">ceinture int\u00e9rieure (tout autour)<\/td>\n<\/tr>\n<tr class=\"row-6\">\n\t<td class=\"column-1\"><strong>Remarque<\/strong><\/td><td class=\"column-2\">plus baggy que les autres mod\u00e8les<\/td>\n<\/tr>\n<\/tbody>\n<\/table>\n<!-- #tablepress-1112s from cache --><\/span><\/p>\n<h3><span style=\"font-family: verdana, geneva, sans-serif;\">8 poches au total:<\/span><\/h3>\n<ul>\n<li><span style=\"font-family: verdana, geneva, sans-serif;\">\u00a0\u00a0\u00a0 2 poches avant avec rabat et bouton pression<\/span><\/li>\n<li><span style=\"font-family: verdana, geneva, sans-serif;\">\u00a0\u00a0\u00a0 2 poches au dos avec rabat et bouton pression<\/span><\/li>\n<li><span style=\"font-family: verdana, geneva, sans-serif;\">\u00a0\u00a0\u00a0 2 poches lat\u00e9rales profondes avec fermeture \u00e9clair<\/span><\/li>\n<li><span style=\"font-family: verdana, geneva, sans-serif;\">\u00a0\u00a0\u00a0 2 grandes poches cargo en dessous, aussi avec rabat et 2 boutons pression<\/span><\/li>\n<\/ul>\n<h3><span style=\"font-family: verdana, geneva, sans-serif;\">Caract\u00e9ristiques suppl\u00e9mentaires:<\/span><\/h3>\n<p><span style=\"font-family: verdana, geneva, sans-serif;\">Un lacet int\u00e9rieur tr\u00e8s pratique permet d'ajuster facilement le pantalon \u00e0 la taille, sans avoir \u00e0 porter de ceinture.<\/span><\/p>\n<p><span style=\"font-family: verdana, geneva, sans-serif;\">Les extr\u00e9mit\u00e9s des jambes ont aussi des boutons-pression, ce qui permet de les resserrer pour emp\u00eacher des animaux de petite taille ou des insectes de grimper le long des jambes.<\/span><\/p>\n<p><span style=\"font-family: verdana, geneva, sans-serif;\">Comme la plupart des pantalons Molecule, ce mod\u00e8le gris est lui aussi dot\u00e9 de grandes poches cargo. Le mat\u00e9riau 100% coton est tr\u00e8s durable, solide et bien fini.<\/span><\/p>\n<p><span style=\"font-family: verdana, geneva, sans-serif;\">Il y a \u00e9galement des sangles internes (\u00e0 l'int\u00e9rieur au niveau des hanches) pour l'accrocher.<\/span><\/p>\n<h3><span style=\"font-family: verdana, geneva, sans-serif;\">Tailles \/ mesures:<\/span><\/h3>\n<p><span style=\"color: #c44747; font-family: verdana, geneva, sans-serif;\"><strong>Les tailles standards S, M, L, XL peuvent varier dans le monde entier! <\/strong><strong>Veuillez utiliser les mesures indiqu\u00e9es sur le site pour bien v\u00e9rifier et comparer les proportions avant de passer commande.<\/strong><\/span><\/p>\n<p><span style=\"font-family: verdana, geneva, sans-serif;\">(Conseil: Prendre un pantalon de sa garde-robe, l'\u00e9tendre \u00e0 plat sur le sol et comparer...)<\/span><\/p>\n<p><span style=\"font-family: verdana, geneva, sans-serif;\"><span style=\"color: #ff0000;\"><strong>Mise en garde:<\/strong> Dans des cas exceptionnels, les mesures r\u00e9elles peuvent l\u00e9g\u00e8rement diff\u00e9rer (peut-\u00eatre 2-3 cm). Veuillez noter lors de votre commande ou contactez-nous si cela pourrait causer un probl\u00e8me - nous serons heureux de faire correspondre les mesures avec vous une par une\u00a0!<\/span><\/span><\/p>\n<p style=\"text-align: center;\"><span style=\"font-family: verdana, geneva, sans-serif;\"><h2 id=\"tablepress-1112-name\" class=\"tablepress-table-name tablepress-table-name-id-1112\">Mesures Molecule VENTURE \/ 45019<\/h2>\n\n<table id=\"tablepress-1112\" class=\"tablepress tablepress-id-1112\" aria-labelledby=\"tablepress-1112-name\">\n<thead>\n<tr class=\"row-1\">\n\t<th class=\"column-1\"><center><strong>taille<\/strong><\/center><\/th><th class=\"column-2\"><center><strong>A) ceinture plate \/ taille<\/strong><\/center><\/th><th class=\"column-3\"><center><strong>B) longueur entrejambe<\/strong><\/center><\/th><th class=\"column-4\"><center><strong>C) longueur totale (couture ext\u00e9rieure)<\/strong><\/center><\/th>\n<\/tr>\n<\/thead>\n<tbody class=\"row-striping row-hover\">\n<tr class=\"row-2\">\n\t<td class=\"column-1\"><center><img loading=\"lazy\" decoding=\"async\" src=\"https:\/\/moleculepants.com\/wp-content\/uploads\/2022\/01\/Molecule_Pants_Shop_Size_S.png\" alt=\"Molecule Pants size S\" width=\"40\" height=\"40\" title=\"\"><\/center><\/td><td class=\"column-2\"><center>15-16 inch \/ 38-41 cm<\/center><\/td><td class=\"column-3\"><center>30 inch \/ 76 cm<\/center><\/td><td class=\"column-4\"><center>41-42 inch \/ 104-107 cm<\/center><\/td>\n<\/tr>\n<tr class=\"row-3\">\n\t<td class=\"column-1\"><center><img loading=\"lazy\" decoding=\"async\" src=\"https:\/\/moleculepants.com\/wp-content\/uploads\/2022\/01\/Molecule_Pants_Shop_Size_M.png\" alt=\"Molecule Pants size M\" width=\"40\" height=\"40\" title=\"\"><\/center><\/td><td class=\"column-2\"><center>16-17 inch \/ 40-43 cm<\/center><\/td><td class=\"column-3\"><center>30-31 inch \/ 76-79 cm<\/center><\/td><td class=\"column-4\"><center>41,5-42 inch \/ 105-107 cm<\/center><\/td>\n<\/tr>\n<tr class=\"row-4\">\n\t<td class=\"column-1\"><center><img loading=\"lazy\" decoding=\"async\" src=\"https:\/\/moleculepants.com\/wp-content\/uploads\/2022\/01\/Molecule_Pants_Shop_Size_L.png\" alt=\"Molecule Pants size L\" width=\"40\" height=\"40\" title=\"\"><\/center><\/td><td class=\"column-2\"><center>17-18 inch \/ 43-46 cm<\/center><\/td><td class=\"column-3\"><center>30-31 inch \/ 76-79 cm<\/center><\/td><td class=\"column-4\"><center>42,5-43 inch \/ 108-110 cm<\/center><\/td>\n<\/tr>\n<tr class=\"row-5\">\n\t<td class=\"column-1\"><center><img loading=\"lazy\" decoding=\"async\" src=\"https:\/\/moleculepants.com\/wp-content\/uploads\/2022\/01\/Molecule_Pants_Shop_Size_XL.png\" alt=\"Molecule Pants size XL\" width=\"40\" height=\"40\" title=\"\"><\/center><\/td><td class=\"column-2\"><center>18,5-19,5 inch \/ 47-50 cm<\/center><\/td><td class=\"column-3\"><center>31-31,5 inch \/ 79-80 cm<\/center><\/td><td class=\"column-4\"><center>43-44 inch \/ 109-112 cm<\/center><\/td>\n<\/tr>\n<\/tbody>\n<\/table>\n<!-- #tablepress-1112 from cache --><img loading=\"lazy\" decoding=\"async\" class=\"ls-is-cached lazyloaded alignright\" title=\"Molecule 50005 \u201cCombat\u201d BLACK long cargo pants 1\" src=\"https:\/\/moleculepants.com\/wp-content\/uploads\/2022\/01\/Molecule_Men_Pants_Long_Measurements.png\" alt=\"Molecule Men Pants Long Measurements\" width=\"180\" height=\"180\" data-src=\"https:\/\/moleculepants.com\/wp-content\/uploads\/2022\/01\/Molecule_Men_Pants_Long_Measurements.png\" \/><\/span><\/p>\n<h3><span style=\"font-family: verdana, geneva, sans-serif;\">Noms de mod\u00e8les\u00a0:<strong><br \/>\n<\/strong><\/span><\/h3>\n<p><span style=\"font-family: verdana, geneva, sans-serif;\">D'autres distributeurs ont baptis\u00e9 ce mod\u00e8le \"dry hydrogen cargo pants\", \"backpackers\", \"comfy combats\" etc. Le fabricant original de la marque Molecule \u00e0 Bangkok vient d'identifier ce pantalon gr\u00e2ce \u00e0 un num\u00e9ro de r\u00e9f\u00e9rence: 45019. Donc si vous souhaitez comparer le prix de cet article sur d'autres sites de vente en ligne, fiez-vous uniquement \u00e0 ce num\u00e9ro de r\u00e9f\u00e9rence \u00e0 5 chiffres, sans pr\u00eater attention aux noms des mod\u00e8les qui peuvent varier d'un site \u00e0 l'autre.<\/span><\/p>\n<h3><span style=\"font-family: verdana, geneva, sans-serif;\">Les pantalons cargo Molecule en g\u00e9n\u00e9ral:<\/span><\/h3>\n<p><span style=\"font-family: verdana, geneva, sans-serif;\">Tous les pantalons de Molecule sont adapt\u00e9s au lavage en machine (60\u00b0) et s\u00e9chage en machine (\u00e0 basse temp\u00e9rature). L'\u00e9toffe se d\u00e9froisse en la portant, le repassage \u00e0 chaud est donc possible mais pas n\u00e9cessaire.<\/span><\/p>\n<p><span style=\"font-family: verdana, geneva, sans-serif;\">Molecule <a href=\"https:\/\/fr.wikipedia.org\/wiki\/Pantalon_cargo\" rel=\"nofollow noopener\" target=\"_blank\">pantalons cargo<\/a> sont des pantalons de tr\u00e8s bonne qualit\u00e9, 100% coton avec des coutures tr\u00e8s r\u00e9sistantes. Les nombreuses poches offrent des espaces de rangement pratique pour de nombreux diff\u00e9rents objets ou outils. Ces pantalons sont donc particuli\u00e8rement appr\u00e9ci\u00e9s par les voyageurs ou aventuriers, les personnes faisant tous type de travaux avec des outils, sur chantier ext\u00e9rieur ou int\u00e9rieur, parfait aussi pour les festivals, vacances, camping, safari etc...<\/span><\/p>\n<p style=\"text-align: center;\"><span style=\"font-family: verdana, geneva, sans-serif;\"><a href=\"https:\/\/moleculepants.com\"><img loading=\"lazy\" decoding=\"async\" class=\"aligncenter wp-image-431 size-full\" title=\"Retour \u00e0 la page d&#039;accueil\" src=\"https:\/\/moleculepants.com\/wp-content\/uploads\/2022\/01\/Molecule_Pants_2022_Logo.png\" alt=\"Molecule Pants 2022\" width=\"609\" height=\"53\" srcset=\"https:\/\/moleculepants.com\/wp-content\/uploads\/2022\/01\/Molecule_Pants_2022_Logo.png 609w, https:\/\/moleculepants.com\/wp-content\/uploads\/2022\/01\/Molecule_Pants_2022_Logo-300x26.png 300w, https:\/\/moleculepants.com\/wp-content\/uploads\/2022\/01\/Molecule_Pants_2022_Logo-18x2.png 18w\" sizes=\"auto, (max-width: 609px) 100vw, 609px\" \/>Molecule - Cool Fusion Clothes depuis 1998 Tha\u00eflande<\/a><\/span><\/p>","protected":false},"excerpt":{"rendered":"<ul>\n<li><span style=\"font-family: verdana, geneva, sans-serif;\">coupe ample<\/span><\/li>\n<li><span style=\"font-family: verdana, geneva, sans-serif;\">8 poches pratiques<\/span><\/li>\n<li><span style=\"font-family: verdana, geneva, sans-serif;\">traitement de haute qualit\u00e9<\/span><\/li>\n<li><span style=\"font-family: verdana, geneva, sans-serif;\">100% coton \u00e9pais<\/span><\/li>\n<li><span style=\"font-family: verdana, geneva, sans-serif;\">coutures fermes et durables<\/span><\/li>\n<\/ul>","protected":false},"featured_media":64723,"comment_status":"open","ping_status":"closed","template":"","meta":[],"product_brand":[],"product_cat":[17,116],"product_tag":[25,34,26,35,147,27,148,28,146,30,31,29,36],"class_list":{"0":"post-64738","1":"product","2":"type-product","3":"status-publish","4":"has-post-thumbnail","6":"product_cat-men-long-pants","7":"product_cat-cat-venture-45019","8":"product_tag-100-heavy-cotton","9":"product_tag-34","10":"product_tag-army-pants","11":"product_tag-baggy","12":"product_tag-blue","13":"product_tag-cargo-pants","14":"product_tag-dark-blue","15":"product_tag-long","16":"product_tag-navy-blue","17":"product_tag-travel","18":"product_tag-traveller","19":"product_tag-venture","20":"product_tag-wide","22":"first","23":"instock","24":"shipping-taxable","25":"purchasable","26":"product-type-variable"},"_links":{"self":[{"href":"https:\/\/moleculepants.com\/fr\/wp-json\/wp\/v2\/product\/64738","targetHints":{"allow":["GET"]}}],"collection":[{"href":"https:\/\/moleculepants.com\/fr\/wp-json\/wp\/v2\/product"}],"about":[{"href":"https:\/\/moleculepants.com\/fr\/wp-json\/wp\/v2\/types\/product"}],"replies":[{"embeddable":true,"href":"https:\/\/moleculepants.com\/fr\/wp-json\/wp\/v2\/comments?post=64738"}],"wp:featuredmedia":[{"embeddable":true,"href":"https:\/\/moleculepants.com\/fr\/wp-json\/wp\/v2\/media\/64723"}],"wp:attachment":[{"href":"https:\/\/moleculepants.com\/fr\/wp-json\/wp\/v2\/media?parent=64738"}],"wp:term":[{"taxonomy":"product_brand","embeddable":true,"href":"https:\/\/moleculepants.com\/fr\/wp-json\/wp\/v2\/product_brand?post=64738"},{"taxonomy":"product_cat","embeddable":true,"href":"https:\/\/moleculepants.com\/fr\/wp-json\/wp\/v2\/product_cat?post=64738"},{"taxonomy":"product_tag","embeddable":true,"href":"https:\/\/moleculepants.com\/fr\/wp-json\/wp\/v2\/product_tag?post=64738"}],"curies":[{"name":"wp","href":"https:\/\/api.w.org\/{rel}","templated":true}]}}