{"id":651,"date":"2022-01-07T19:01:19","date_gmt":"2022-01-07T12:01:19","guid":{"rendered":"https:\/\/moleculepants.com\/?post_type=product&#038;p=651"},"modified":"2026-05-02T01:47:30","modified_gmt":"2026-05-01T18:47:30","slug":"45056-globetrotter-gray","status":"publish","type":"product","link":"https:\/\/moleculepants.com\/fr\/produit\/45056-globetrotter-gray\/","title":{"rendered":"Molecule 45056 \u201cGlobetrotter\u201d GRAY 3\/4 cargo pants"},"content":{"rendered":"<h1 style=\"text-align: center;\"><span style=\"font-family: verdana, geneva, sans-serif;\">Globetrotter Gris \u2013 Pantalon Cargo 3\/4<\/span><\/h1>\n<h2 style=\"text-align: center;\"><span style=\"font-family: verdana, geneva, sans-serif;\">Molecule Globetrotter Gris \u2013 45056<a href=\"https:\/\/moleculepants.com\"><img loading=\"lazy\" decoding=\"async\" class=\"alignright wp-image-1291 size-full\" title=\"Retour \u00e0 la page d&#039;accueil\" src=\"https:\/\/moleculepants.com\/wp-content\/uploads\/2022\/01\/Molecule_animated-GIF-1.gif\" alt=\"Molecule Pants Icon\" width=\"59\" height=\"59\" srcset=\"https:\/\/moleculepants.com\/wp-content\/uploads\/2022\/01\/Molecule_animated-GIF-1.gif 59w, https:\/\/moleculepants.com\/wp-content\/uploads\/2022\/01\/Molecule_animated-GIF-1-12x12.gif 12w\" sizes=\"auto, (max-width: 59px) 100vw, 59px\" \/><\/a><\/span><\/h2>\n<p><span style=\"font-family: verdana, geneva, sans-serif;\">Le pantalon cargo 3\/4 or longuer mollet \"Globetrotter\" (45056) de la marque \"Molecule\" est un mod\u00e8le tr\u00e8s populaire parmi les mod\u00e8les courts et de mollet, pr\u00e9sent\u00e9 ici en gris. Il est plus large que la plupart des autres mod\u00e8les, il a donc un entrejambe l\u00e9g\u00e8rement plus bas et des jambes plus larges.<\/span><\/p>\n<p style=\"text-align: center;\">\n<table id=\"tablepress-1122s\" class=\"tablepress tablepress-id-1122s Speci\">\n<thead>\n<tr class=\"row-1\">\n\t<th class=\"column-1\"><strong>Nom du mod\u00e8le\/ID<\/strong><\/th><th class=\"column-2\">Globetrotter \/ 45056<\/th>\n<\/tr>\n<\/thead>\n<tbody class=\"row-striping row-hover\">\n<tr class=\"row-2\">\n\t<td class=\"column-1\"><strong>Type<\/strong><\/td><td class=\"column-2\">3\/4 (longueur mollet)<\/td>\n<\/tr>\n<tr class=\"row-3\">\n\t<td class=\"column-1\"><strong>Mat\u00e9riel<\/strong><\/td><td class=\"column-2\">100% coton \u00e9pais<\/td>\n<\/tr>\n<tr class=\"row-4\">\n\t<td class=\"column-1\"><strong>Des Poches<\/strong><\/td><td class=\"column-2\">8, rabats sur les poches avant, tous les rabats avec boutons-pression<\/td>\n<\/tr>\n<tr class=\"row-5\">\n\t<td class=\"column-1\"><strong>D'autres<\/strong><\/td><td class=\"column-2\">ceinture int\u00e9rieure (tout autour)<\/td>\n<\/tr>\n<tr class=\"row-6\">\n\t<td class=\"column-1\"><strong>Remarque<\/strong><\/td><td class=\"column-2\">plus baggy que les autres mod\u00e8les<\/td>\n<\/tr>\n<\/tbody>\n<\/table>\n<!-- #tablepress-1122s from cache --><\/p>\n<h3><span style=\"font-family: verdana, geneva, sans-serif;\">8 poches au total:<\/span><\/h3>\n<ul>\n<li><span style=\"font-family: verdana, geneva, sans-serif;\">\u00a0\u00a0 2 poches avant avec rabat et bouton pression<\/span><\/li>\n<li><span style=\"font-family: verdana, geneva, sans-serif;\">\u00a0\u00a0 2 poches au dos avec rabat et bouton pression<\/span><\/li>\n<li><span style=\"font-family: verdana, geneva, sans-serif;\">\u00a0\u00a0 2 poches lat\u00e9rales profondes avec fermeture \u00e9clair<\/span><\/li>\n<li><span style=\"font-family: verdana, geneva, sans-serif;\">\u00a0\u00a0 2 grandes poches cargo en dessous, aussi avec rabat et 2 boutons pression<\/span><\/li>\n<\/ul>\n<h3><span style=\"font-family: verdana, geneva, sans-serif;\">Caract\u00e9ristiques suppl\u00e9mentaires:<\/span><\/h3>\n<p><span style=\"font-family: verdana, geneva, sans-serif;\">Un lacet int\u00e9rieur tr\u00e8s pratique permet d'ajuster facilement le pantalon \u00e0 la taille, sans avoir \u00e0 porter de ceinture.<\/span><\/p>\n<p><span style=\"font-family: verdana, geneva, sans-serif;\">Les extr\u00e9mit\u00e9s des jambes ont aussi des lacets, ce qui permet de les resserrer pour emp\u00eacher des animaux de petite taille ou des insectes de grimper le long des jambes.<\/span><\/p>\n<p><span style=\"font-family: verdana, geneva, sans-serif;\">Comme la plupart des pantalons Molecule, ce mod\u00e8le gris est lui aussi dot\u00e9 de grandes poches cargo. Le mat\u00e9riau 100% coton est tr\u00e8s durable, solide et bien fini.<\/span><\/p>\n<p><span style=\"font-family: verdana, geneva, sans-serif;\">Il y a \u00e9galement des sangles internes (\u00e0 l'int\u00e9rieur au niveau des hanches) pour l'accrocher.<\/span><\/p>\n<h3><span style=\"font-family: verdana, geneva, sans-serif;\">Tailles \/ mesures:<\/span><\/h3>\n<p><span style=\"color: #c44747; font-family: verdana, geneva, sans-serif;\"><strong>Les tailles standards S, M, L, XL peuvent varier dans le monde entier! <\/strong><strong>Veuillez utiliser les mesures indiqu\u00e9es sur le site pour bien v\u00e9rifier et comparer les proportions avant de passer commande.<\/strong><\/span><\/p>\n<p><span style=\"font-family: verdana, geneva, sans-serif;\">(Conseil: Prendre un pantalon de sa garde-robe, l'\u00e9tendre \u00e0 plat sur le sol et comparer...)<\/span><\/p>\n<p><span style=\"font-family: verdana, geneva, sans-serif; color: #ff0000;\"><strong>Mise en garde:<\/strong> Dans des cas exceptionnels, les mesures r\u00e9elles peuvent l\u00e9g\u00e8rement diff\u00e9rer (peut-\u00eatre 2-3 cm). Veuillez noter lors de votre commande ou contactez-nous si cela pourrait causer un probl\u00e8me - nous serons heureux de faire correspondre les mesures avec vous une par une\u00a0!<\/span><\/p>\n<p style=\"text-align: center;\"><h2 id=\"tablepress-1122-name\" class=\"tablepress-table-name tablepress-table-name-id-1122\">Mesures Molecule GLOBETROTTER \/ 45056<\/h2>\n\n<table id=\"tablepress-1122\" class=\"tablepress tablepress-id-1122\" aria-labelledby=\"tablepress-1122-name\">\n<tbody class=\"row-striping row-hover\">\n<tr class=\"row-1\">\n\t<td class=\"column-1\"><center><strong>taille<\/strong><\/center><\/td><td class=\"column-2\"><center><strong>A) ceinture plate \/ taille<\/strong><\/center><\/td><td class=\"column-3\"><center><strong>B) longueur entrejambe<\/strong><\/center><\/td><td class=\"column-4\"><center><strong>C) longueur totale (couture ext\u00e9rieure)<\/strong><\/center><\/td>\n<\/tr>\n<tr class=\"row-2\">\n\t<td class=\"column-1\"><center><img loading=\"lazy\" decoding=\"async\" src=\"https:\/\/moleculepants.com\/wp-content\/uploads\/2022\/01\/Molecule_Pants_Shop_Size_S.png\" alt=\"Molecule Pants size S\" width=\"40\" height=\"40\" title=\"\"><\/center><\/td><td class=\"column-2\"><center>15-16,5 inch \/ 38-42 cm<\/center><\/td><td class=\"column-3\"><center>15 inch \/ 38 cm<\/center><\/td><td class=\"column-4\"><center>27-28 inch \/ 69-71 cm<\/center><\/td>\n<\/tr>\n<tr class=\"row-3\">\n\t<td class=\"column-1\"><center><img loading=\"lazy\" decoding=\"async\" src=\"https:\/\/moleculepants.com\/wp-content\/uploads\/2022\/01\/Molecule_Pants_Shop_Size_M.png\" alt=\"Molecule Pants size M\" width=\"40\" height=\"40\" title=\"\"><\/center><\/td><td class=\"column-2\"><center>16,5-17 inch \/ 42-44 cm<\/center><\/td><td class=\"column-3\"><center>15 inch \/ 38 cm<\/center><\/td><td class=\"column-4\"><center>27-28 inch \/ 69-71 cm<\/center><\/td>\n<\/tr>\n<tr class=\"row-4\">\n\t<td class=\"column-1\"><center><img loading=\"lazy\" decoding=\"async\" src=\"https:\/\/moleculepants.com\/wp-content\/uploads\/2022\/01\/Molecule_Pants_Shop_Size_L.png\" alt=\"Molecule Pants size L\" width=\"40\" height=\"40\" title=\"\"><\/center><\/td><td class=\"column-2\"><center>17,5-18 inch \/ 44-46 cm<\/center><\/td><td class=\"column-3\"><center>16 inch \/ 41 cm<\/center><\/td><td class=\"column-4\"><center>28-28,5 inch \/ 71-72 cm<\/center><\/td>\n<\/tr>\n<tr class=\"row-5\">\n\t<td class=\"column-1\"><center><img loading=\"lazy\" decoding=\"async\" src=\"https:\/\/moleculepants.com\/wp-content\/uploads\/2022\/01\/Molecule_Pants_Shop_Size_XL.png\" alt=\"Molecule Pants size XL\" width=\"40\" height=\"40\" title=\"\"><\/center><\/td><td class=\"column-2\"><center>18,5-19,5 inch \/ 47-50 cm<\/center><\/td><td class=\"column-3\"><center>16 inch \/ 41 cm<\/center><\/td><td class=\"column-4\"><center>28-28,5 inch \/ 71-73 cm<\/center><\/td>\n<\/tr>\n<\/tbody>\n<\/table>\n<!-- #tablepress-1122 from cache --><img loading=\"lazy\" decoding=\"async\" class=\"alignright\" title=\"\" src=\"https:\/\/moleculepants.com\/wp-content\/uploads\/2022\/01\/Molecule_Men_Pants_overknee_Measurements.png\" alt=\"\" width=\"180\" height=\"270\"><\/p>\n<h3><span style=\"font-family: verdana, geneva, sans-serif;\">Noms de mod\u00e8les\u00a0:<strong><br \/>\n<\/strong><\/span><\/h3>\n<p><span style=\"font-family: verdana, geneva, sans-serif;\">D'autres distributeurs ont baptis\u00e9 ce mod\u00e8le \"knee hugger shorts\", \"drawn togethers\", etc. Le fabricant original de la marque Molecule \u00e0 Bangkok vient d'identifier ce pantalon gr\u00e2ce \u00e0 un num\u00e9ro de r\u00e9f\u00e9rence: 45056. Donc si vous souhaitez comparer le prix de cet article sur d'autres sites de vente en ligne, fiez-vous uniquement \u00e0 ce num\u00e9ro de r\u00e9f\u00e9rence \u00e0 5 chiffres, sans pr\u00eater attention aux noms des mod\u00e8les qui peuvent varier d'un site \u00e0 l'autre.<\/span><\/p>\n<h3><span style=\"font-family: verdana, geneva, sans-serif;\">Les pantalons cargo Molecule en g\u00e9n\u00e9ral:<\/span><\/h3>\n<p><span style=\"font-family: verdana, geneva, sans-serif;\">Tous les pantalons de Molecule sont adapt\u00e9s au lavage en machine (60\u00b0) et s\u00e9chage en machine (\u00e0 basse temp\u00e9rature). L'\u00e9toffe se d\u00e9froisse en la portant, le repassage \u00e0 chaud est donc possible mais pas n\u00e9cessaire.<\/span><\/p>\n<p><span style=\"font-family: verdana, geneva, sans-serif;\">Molecule <a href=\"https:\/\/fr.wikipedia.org\/wiki\/Pantalon_cargo\" rel=\"nofollow noopener\" target=\"_blank\">pantalons cargo<\/a> sont des pantalons de tr\u00e8s bonne qualit\u00e9, 100% coton avec des coutures tr\u00e8s r\u00e9sistantes. Les nombreuses poches offrent des espaces de rangement pratique pour de nombreux diff\u00e9rents objets ou outils. Ces pantalons sont donc particuli\u00e8rement appr\u00e9ci\u00e9s par les voyageurs ou aventuriers, les personnes faisant tous type de travaux avec des outils, sur chantier ext\u00e9rieur ou int\u00e9rieur, parfait aussi pour les festivals, vacances, camping, safari etc...<\/span><\/p>\n<p style=\"text-align: center;\"><a href=\"https:\/\/moleculepants.com\"><img loading=\"lazy\" decoding=\"async\" class=\"aligncenter wp-image-431 size-full\" title=\"Retour \u00e0 la page d&#039;accueil\" src=\"https:\/\/moleculepants.com\/wp-content\/uploads\/2022\/01\/Molecule_Pants_2022_Logo.png\" alt=\"Molecule Pants 2022\" width=\"609\" height=\"53\" srcset=\"https:\/\/moleculepants.com\/wp-content\/uploads\/2022\/01\/Molecule_Pants_2022_Logo.png 609w, https:\/\/moleculepants.com\/wp-content\/uploads\/2022\/01\/Molecule_Pants_2022_Logo-300x26.png 300w, https:\/\/moleculepants.com\/wp-content\/uploads\/2022\/01\/Molecule_Pants_2022_Logo-18x2.png 18w\" sizes=\"auto, (max-width: 609px) 100vw, 609px\" \/><span style=\"font-family: verdana, geneva, sans-serif;\">Molecule - Cool Fusion Clothes depuis 1998 Tha\u00eflande<\/span><\/a><\/p>","protected":false},"excerpt":{"rendered":"<ul>\n<li><span style=\"font-family: verdana, geneva, sans-serif;\">coupe ample<\/span><\/li>\n<li><span style=\"font-family: verdana, geneva, sans-serif;\">8 poches pratiques<\/span><\/li>\n<li><span style=\"font-family: verdana, geneva, sans-serif;\">traitement de haute qualit\u00e9<\/span><\/li>\n<li><span style=\"font-family: verdana, geneva, sans-serif;\">100% coton \u00e9pais<\/span><\/li>\n<li><span style=\"font-family: verdana, geneva, sans-serif;\">coutures fermes et durables<\/span><\/li>\n<\/ul>","protected":false},"featured_media":247,"comment_status":"open","ping_status":"closed","template":"","meta":[],"product_brand":[],"product_cat":[121,18],"product_tag":[25,74,73,71,26,35,75,27,72,45,46,30,31,36],"class_list":{"0":"post-651","1":"product","2":"type-product","3":"status-publish","4":"has-post-thumbnail","6":"product_cat-cat-globetrotter-45056","7":"product_cat-men-short-pants","8":"product_tag-100-heavy-cotton","9":"product_tag-3-quarters","10":"product_tag-3-4","11":"product_tag-71","12":"product_tag-army-pants","13":"product_tag-baggy","14":"product_tag-calf-length","15":"product_tag-cargo-pants","16":"product_tag-globetrotter","17":"product_tag-gray","18":"product_tag-grey","19":"product_tag-travel","20":"product_tag-traveller","21":"product_tag-wide","23":"first","24":"instock","25":"shipping-taxable","26":"purchasable","27":"product-type-variable"},"_links":{"self":[{"href":"https:\/\/moleculepants.com\/fr\/wp-json\/wp\/v2\/product\/651","targetHints":{"allow":["GET"]}}],"collection":[{"href":"https:\/\/moleculepants.com\/fr\/wp-json\/wp\/v2\/product"}],"about":[{"href":"https:\/\/moleculepants.com\/fr\/wp-json\/wp\/v2\/types\/product"}],"replies":[{"embeddable":true,"href":"https:\/\/moleculepants.com\/fr\/wp-json\/wp\/v2\/comments?post=651"}],"wp:featuredmedia":[{"embeddable":true,"href":"https:\/\/moleculepants.com\/fr\/wp-json\/wp\/v2\/media\/247"}],"wp:attachment":[{"href":"https:\/\/moleculepants.com\/fr\/wp-json\/wp\/v2\/media?parent=651"}],"wp:term":[{"taxonomy":"product_brand","embeddable":true,"href":"https:\/\/moleculepants.com\/fr\/wp-json\/wp\/v2\/product_brand?post=651"},{"taxonomy":"product_cat","embeddable":true,"href":"https:\/\/moleculepants.com\/fr\/wp-json\/wp\/v2\/product_cat?post=651"},{"taxonomy":"product_tag","embeddable":true,"href":"https:\/\/moleculepants.com\/fr\/wp-json\/wp\/v2\/product_tag?post=651"}],"curies":[{"name":"wp","href":"https:\/\/api.w.org\/{rel}","templated":true}]}}