{"id":722,"date":"2022-01-08T12:51:48","date_gmt":"2022-01-08T05:51:48","guid":{"rendered":"https:\/\/moleculepants.com\/?post_type=product&#038;p=722"},"modified":"2026-04-24T19:05:58","modified_gmt":"2026-04-24T12:05:58","slug":"50007-cruiser-woodland-camo","status":"publish","type":"product","link":"https:\/\/moleculepants.com\/fr\/produit\/50007-cruiser-woodland-camo\/","title":{"rendered":"Molecule 50007 \u201cCruiser\u201d WOODLAND CAMO short cargo pants"},"content":{"rendered":"<h1 style=\"text-align: center;\"><span style=\"font-family: verdana, geneva, sans-serif;\">Cruiser Woodland Camouflage \u2013 Pantalon cargo court<\/span><\/h1>\n<h2 style=\"text-align: center;\"><span style=\"font-family: verdana, geneva, sans-serif;\">Molecule Cruiser Woodland Camouflage \u2013 50007<a href=\"https:\/\/moleculepants.com\"><img loading=\"lazy\" decoding=\"async\" class=\"alignright wp-image-1291 size-full\" title=\"Retour \u00e0 la page d&#039;accueil\" src=\"https:\/\/moleculepants.com\/wp-content\/uploads\/2022\/01\/Molecule_animated-GIF-1.gif\" alt=\"Molecule Pants Icon\" width=\"59\" height=\"59\" srcset=\"https:\/\/moleculepants.com\/wp-content\/uploads\/2022\/01\/Molecule_animated-GIF-1.gif 59w, https:\/\/moleculepants.com\/wp-content\/uploads\/2022\/01\/Molecule_animated-GIF-1-12x12.gif 12w\" sizes=\"auto, (max-width: 59px) 100vw, 59px\" \/><\/a><\/span><\/h2>\n<p><span style=\"font-family: verdana, geneva, sans-serif;\">Le pantalon cargo court \"Travelstar\" (50007) de la marque \"Molecule\" est la version plus courte du 50006 Travelstar et aussi tr\u00e8s populaire, pr\u00e9sent\u00e9 ici en woodland camouflage. Il a une coupe droite plut\u00f4t classique.<\/span><\/p>\n<table class=\"aligncenter\" style=\"width: 100%; border-collapse: collapse; background-color: #ffe9c9; border-style: solid;\">\n<thead>\n<tr class=\"footable-header\" style=\"background-color: #ffe9c9; border-style: solid; border-color: #ffffff;\">\n<th class=\"ninja_column_0 ninja_clmn_nm_model_name footable-first-visible\" style=\"width: 15.4039%; height: 24px; text-align: center;\" scope=\"col\"><span style=\"font-family: verdana, geneva, sans-serif;\"><strong>Mod\u00e8le<\/strong><\/span><\/th>\n<th class=\"ninja_column_1 ninja_clmn_nm_model_id\" style=\"width: 12.1674%; height: 24px; text-align: center;\" scope=\"col\"><span style=\"font-family: verdana, geneva, sans-serif;\"><strong>ID du mod\u00e8le<\/strong><\/span><\/th>\n<th class=\"ninja_column_2 ninja_clmn_nm_class\" style=\"width: 21.5804%; height: 24px; text-align: center;\" scope=\"col\"><span style=\"font-family: verdana, geneva, sans-serif;\"><strong>Longueur<\/strong><\/span><\/th>\n<th class=\"ninja_column_3 ninja_clmn_nm_material\" style=\"width: 18.5531%; height: 24px; text-align: center;\" scope=\"col\"><span style=\"font-family: verdana, geneva, sans-serif;\"><strong>Mat\u00e9riel<\/strong><\/span><\/th>\n<th class=\"ninja_column_4 ninja_clmn_nm_pockets\" style=\"width: 17.7114%; height: 24px; text-align: center;\" scope=\"col\"><span style=\"font-family: verdana, geneva, sans-serif;\"><strong>Des Poches<\/strong><\/span><\/th>\n<th class=\"ninja_column_5 ninja_clmn_nm_note footable-last-visible\" style=\"width: 57.3432%; height: 24px; text-align: center;\" scope=\"col\"><span style=\"font-family: verdana, geneva, sans-serif;\"><strong>Remarque<\/strong><\/span><\/th>\n<\/tr>\n<\/thead>\n<tbody>\n<tr class=\"ninja_table_row_0 nt_row_id_1\" style=\"border-color: #ffffff; border-style: solid; background-color: #fff5e6;\">\n<td class=\"ninja_column_0 ninja_clmn_nm_model_name footable-first-visible\" style=\"width: 15.4039%; height: 48px; text-align: center;\"><span style=\"font-family: verdana, geneva, sans-serif;\">Cruiser<\/span><\/td>\n<td class=\"ninja_column_1 ninja_clmn_nm_model_id\" style=\"width: 12.1674%; height: 48px; text-align: center;\"><span style=\"font-family: verdana, geneva, sans-serif;\">50007<\/span><\/td>\n<td class=\"ninja_column_2 ninja_clmn_nm_class\" style=\"width: 21.5804%; height: 48px; text-align: center;\"><span style=\"font-family: verdana, geneva, sans-serif;\">en dessous du genou<\/span><\/td>\n<td class=\"ninja_column_3 ninja_clmn_nm_material\" style=\"width: 18.5531%; height: 48px; text-align: center;\"><span style=\"font-family: verdana, geneva, sans-serif;\">coton 100% fabrique solide<\/span><\/td>\n<td class=\"ninja_column_4 ninja_clmn_nm_pockets\" style=\"width: 17.7114%; height: 48px; text-align: center;\"><span style=\"font-family: verdana, geneva, sans-serif;\">8 (+1 mini)<\/span><\/td>\n<td class=\"ninja_column_5 ninja_clmn_nm_note footable-last-visible\" style=\"width: 57.3432%; height: 48px; text-align: center;\"><span style=\"font-family: verdana, geneva, sans-serif;\">coupe classique<\/span><\/td>\n<\/tr>\n<\/tbody>\n<\/table>\n<h3><span style=\"font-family: verdana, geneva, sans-serif;\">9 poches au total:<\/span><\/h3>\n<ul>\n<li><span style=\"font-family: verdana, geneva, sans-serif;\">\u00a0\u00a0\u00a0 2 poches avant + 1 mini poche<\/span><\/li>\n<li><span style=\"font-family: verdana, geneva, sans-serif;\">\u00a0\u00a0\u00a0 2 poches au dos avec rabat et bouton<\/span><\/li>\n<li><span style=\"font-family: verdana, geneva, sans-serif;\">\u00a0\u00a0\u00a0 2 poches lat\u00e9rales profondes avec fermeture \u00e9clair<\/span><\/li>\n<li><span style=\"font-family: verdana, geneva, sans-serif;\">\u00a0\u00a0\u00a0 2 grandes poches cargo en dessous, aussi avec rabat et des boutons<\/span><\/li>\n<\/ul>\n<h3><span style=\"font-family: verdana, geneva, sans-serif;\">Caract\u00e9ristiques suppl\u00e9mentaires:<\/span><\/h3>\n<p><span style=\"font-family: verdana, geneva, sans-serif;\">Un lacet int\u00e9rieur tr\u00e8s pratique permet d'ajuster facilement le pantalon \u00e0 la taille, sans avoir \u00e0 porter de ceinture.<\/span><\/p>\n<p><span style=\"font-family: verdana, geneva, sans-serif;\">Les extr\u00e9mit\u00e9s des jambes ont aussi des boutons-pression, ce qui permet de les resserrer pour emp\u00eacher des animaux de petite taille ou des insectes de grimper le long des jambes.<\/span><\/p>\n<p><span style=\"font-family: verdana, geneva, sans-serif;\">Comme la plupart des pantalons Molecule, ce mod\u00e8le woodland camouflage est lui aussi dot\u00e9 de grandes poches cargo. Le mat\u00e9riau 100% coton est tr\u00e8s durable, solide et bien fini.<\/span><\/p>\n<h3><span style=\"font-family: verdana, geneva, sans-serif;\">Tailles \/ mesures:<\/span><\/h3>\n<p><span style=\"color: #c44747; font-family: verdana, geneva, sans-serif;\"><strong>Les tailles standards S, M, L, XL peuvent varier dans le monde entier! <\/strong><strong>Veuillez utiliser les mesures indiqu\u00e9es sur le site pour bien v\u00e9rifier et comparer les proportions avant de passer commande.<\/strong><\/span><\/p>\n<p><span style=\"font-family: verdana, geneva, sans-serif;\">(Conseil: Prendre un pantalon de sa garde-robe, l'\u00e9tendre \u00e0 plat sur le sol et comparer...)<\/span><\/p>\n<p><span style=\"font-family: verdana, geneva, sans-serif; color: #ff0000;\"><strong>Mise en garde:<\/strong> Dans des cas exceptionnels, les mesures r\u00e9elles peuvent l\u00e9g\u00e8rement diff\u00e9rer (peut-\u00eatre 2-3 cm). Veuillez noter lors de votre commande ou contactez-nous si cela pourrait causer un probl\u00e8me - nous serons heureux de faire correspondre les mesures avec vous une par une\u00a0!<\/span><\/p>\n<p><h2 id=\"tablepress-1131-name\" class=\"tablepress-table-name tablepress-table-name-id-1131\">Measurements Molecule CRUISER \/ 50007<\/h2>\n\n<table id=\"tablepress-1131\" class=\"tablepress tablepress-id-1131\" aria-labelledby=\"tablepress-1131-name\">\n<tbody class=\"row-striping row-hover\">\n<tr class=\"row-1\">\n\t<td class=\"column-1\"><center><strong>taille<\/strong><\/center><\/td><td class=\"column-2\"><center><strong>A) ceinture plate \/ taille<\/strong><\/center><\/td><td class=\"column-3\"><center><strong>B) longueur entrejambe<\/strong><\/center><\/td><td class=\"column-4\"><center><strong>C) longueur totale (couture ext\u00e9rieure)<\/strong><\/center><\/td>\n<\/tr>\n<tr class=\"row-2\">\n\t<td class=\"column-1\"><center><img loading=\"lazy\" decoding=\"async\" src=\"https:\/\/moleculepants.com\/wp-content\/uploads\/2022\/01\/Molecule_Pants_Shop_Size_S.png\" alt=\"Molecule Pants size S\" width=\"40\" height=\"40\" title=\"\"><\/center><\/td><td class=\"column-2\"><center>15,5-16 inch \/ 39-41 cm<\/center><\/td><td class=\"column-3\"><center>13 inch \/ 33 cm<\/center><\/td><td class=\"column-4\"><center>23,5-24 inch \/ 60-61 cm<\/center><\/td>\n<\/tr>\n<tr class=\"row-3\">\n\t<td class=\"column-1\"><center><img loading=\"lazy\" decoding=\"async\" src=\"https:\/\/moleculepants.com\/wp-content\/uploads\/2022\/01\/Molecule_Pants_Shop_Size_M.png\" alt=\"Molecule Pants size M\" width=\"40\" height=\"40\" title=\"\"><\/center><\/td><td class=\"column-2\"><center>17 inch \/ 43-44 cm<\/center><\/td><td class=\"column-3\"><center>13 inch \/ 33 cm<\/center><\/td><td class=\"column-4\"><center>23,5-24,5 inch \/ 60-62 cm<\/center><\/td>\n<\/tr>\n<tr class=\"row-4\">\n\t<td class=\"column-1\"><center><img loading=\"lazy\" decoding=\"async\" src=\"https:\/\/moleculepants.com\/wp-content\/uploads\/2022\/01\/Molecule_Pants_Shop_Size_L.png\" alt=\"Molecule Pants size L\" width=\"40\" height=\"40\" title=\"\"><\/center><\/td><td class=\"column-2\"><center>18 inch \/ 46 cm<\/center><\/td><td class=\"column-3\"><center>14 inch \/ 35-36 cm<\/center><\/td><td class=\"column-4\"><center>24-25 inch \/ 61-63 cm<\/center><\/td>\n<\/tr>\n<tr class=\"row-5\">\n\t<td class=\"column-1\"><center><img loading=\"lazy\" decoding=\"async\" src=\"https:\/\/moleculepants.com\/wp-content\/uploads\/2022\/01\/Molecule_Pants_Shop_Size_XL.png\" alt=\"Molecule Pants size XL\" width=\"40\" height=\"40\" title=\"\"><\/center><\/td><td class=\"column-2\"><center>19-19,5 inch \/ 48-50 cm<\/center><\/td><td class=\"column-3\"><center>14 inch \/ 35-36 cm<\/center><\/td><td class=\"column-4\"><center>24,5-25 inch \/ 62-64 cm<\/center><\/td>\n<\/tr>\n<\/tbody>\n<\/table>\n<!-- #tablepress-1131 from cache --><img loading=\"lazy\" decoding=\"async\" class=\"alignright\" title=\"\" src=\"https:\/\/moleculepants.com\/wp-content\/uploads\/2022\/01\/Molecule_Men_Pants_Short_Measurements.png\" alt=\"\" width=\"180\" height=\"270\"><\/p>\n<h3><span style=\"font-family: verdana, geneva, sans-serif;\">Noms de mod\u00e8les\u00a0:<\/span><\/h3>\n<p><span style=\"font-family: verdana, geneva, sans-serif;\">D'autres distributeurs ont baptis\u00e9 ce mod\u00e8le \"cargo shorts classic\", \"suave swingers cargo shorts\", etc. Le fabricant original de la marque Molecule \u00e0 Bangkok vient d'identifier ce pantalon gr\u00e2ce \u00e0 un num\u00e9ro de r\u00e9f\u00e9rence: 50007. Donc si vous souhaitez comparer le prix de cet article sur d'autres sites de vente en ligne, fiez-vous uniquement \u00e0 ce num\u00e9ro de r\u00e9f\u00e9rence \u00e0 5 chiffres, sans pr\u00eater attention aux noms des mod\u00e8les qui peuvent varier d'un site \u00e0 l'autre.<\/span><\/p>\n<h3><span style=\"font-family: verdana, geneva, sans-serif;\">Les pantalons cargo Molecule en g\u00e9n\u00e9ral:<\/span><\/h3>\n<p><span style=\"font-family: verdana, geneva, sans-serif;\">Tous les pantalons de Molecule sont adapt\u00e9s au lavage en machine (60\u00b0) et s\u00e9chage en machine (\u00e0 basse temp\u00e9rature). L'\u00e9toffe se d\u00e9froisse en la portant, le repassage \u00e0 chaud est donc possible mais pas n\u00e9cessaire.<\/span><\/p>\n<p><span style=\"font-family: verdana, geneva, sans-serif;\">Molecule <a href=\"https:\/\/fr.wikipedia.org\/wiki\/Pantalon_cargo\" rel=\"nofollow noopener\" target=\"_blank\">pantalons cargo<\/a> sont des pantalons de tr\u00e8s bonne qualit\u00e9, 100% coton avec des coutures tr\u00e8s r\u00e9sistantes. Les nombreuses poches offrent des espaces de rangement pratique pour de nombreux diff\u00e9rents objets ou outils. Ces pantalons sont donc particuli\u00e8rement appr\u00e9ci\u00e9s par les voyageurs ou aventuriers, les personnes faisant tous type de travaux avec des outils, sur chantier ext\u00e9rieur ou int\u00e9rieur, parfait aussi pour les festivals, vacances, camping, safari etc...<\/span><\/p>\n<p style=\"text-align: center;\"><a href=\"https:\/\/moleculepants.com\"><img loading=\"lazy\" decoding=\"async\" class=\"aligncenter wp-image-431 size-full\" title=\"Retour \u00e0 la page d&#039;accueil\" src=\"https:\/\/moleculepants.com\/wp-content\/uploads\/2022\/01\/Molecule_Pants_2022_Logo.png\" alt=\"Molecule Pants 2022\" width=\"609\" height=\"53\" srcset=\"https:\/\/moleculepants.com\/wp-content\/uploads\/2022\/01\/Molecule_Pants_2022_Logo.png 609w, https:\/\/moleculepants.com\/wp-content\/uploads\/2022\/01\/Molecule_Pants_2022_Logo-300x26.png 300w, https:\/\/moleculepants.com\/wp-content\/uploads\/2022\/01\/Molecule_Pants_2022_Logo-18x2.png 18w\" sizes=\"auto, (max-width: 609px) 100vw, 609px\" \/><span style=\"font-family: verdana, geneva, sans-serif;\">Molecule - Cool Fusion Clothes depuis 1998 Tha\u00eflande<\/span><\/a><\/p>","protected":false},"excerpt":{"rendered":"<ul>\n<li><span style=\"font-family: verdana, geneva, sans-serif;\">coupe classique<\/span><\/li>\n<li><span style=\"font-family: verdana, geneva, sans-serif;\">8 poches pratiques (+1 mini)<\/span><\/li>\n<li><span style=\"font-family: verdana, geneva, sans-serif;\">traitement de haute qualit\u00e9<\/span><\/li>\n<li><span style=\"font-family: verdana, geneva, sans-serif;\">100% coton, fabrique solide et r\u00e9sistante<\/span><\/li>\n<li><span style=\"font-family: verdana, geneva, sans-serif;\">coutures fermes et durables<\/span><\/li>\n<\/ul>","protected":false},"featured_media":289,"comment_status":"open","ping_status":"closed","template":"","meta":[],"product_brand":[],"product_cat":[124,18],"product_tag":[25,87,26,59,58,27,54,86,85,84,30,31,57],"class_list":{"0":"post-722","1":"product","2":"type-product","3":"status-publish","4":"has-post-thumbnail","6":"product_cat-cat-cruiser-50007","7":"product_cat-men-short-pants","8":"product_tag-100-heavy-cotton","9":"product_tag-87","10":"product_tag-army-pants","11":"product_tag-camo","12":"product_tag-camouflage","13":"product_tag-cargo-pants","14":"product_tag-classic","15":"product_tag-cruiser","16":"product_tag-knee-length","17":"product_tag-short","18":"product_tag-travel","19":"product_tag-traveller","20":"product_tag-woodland-camo","22":"first","23":"instock","24":"shipping-taxable","25":"purchasable","26":"product-type-variable"},"_links":{"self":[{"href":"https:\/\/moleculepants.com\/fr\/wp-json\/wp\/v2\/product\/722","targetHints":{"allow":["GET"]}}],"collection":[{"href":"https:\/\/moleculepants.com\/fr\/wp-json\/wp\/v2\/product"}],"about":[{"href":"https:\/\/moleculepants.com\/fr\/wp-json\/wp\/v2\/types\/product"}],"replies":[{"embeddable":true,"href":"https:\/\/moleculepants.com\/fr\/wp-json\/wp\/v2\/comments?post=722"}],"wp:featuredmedia":[{"embeddable":true,"href":"https:\/\/moleculepants.com\/fr\/wp-json\/wp\/v2\/media\/289"}],"wp:attachment":[{"href":"https:\/\/moleculepants.com\/fr\/wp-json\/wp\/v2\/media?parent=722"}],"wp:term":[{"taxonomy":"product_brand","embeddable":true,"href":"https:\/\/moleculepants.com\/fr\/wp-json\/wp\/v2\/product_brand?post=722"},{"taxonomy":"product_cat","embeddable":true,"href":"https:\/\/moleculepants.com\/fr\/wp-json\/wp\/v2\/product_cat?post=722"},{"taxonomy":"product_tag","embeddable":true,"href":"https:\/\/moleculepants.com\/fr\/wp-json\/wp\/v2\/product_tag?post=722"}],"curies":[{"name":"wp","href":"https:\/\/api.w.org\/{rel}","templated":true}]}}