{"id":765,"date":"2022-01-08T18:26:54","date_gmt":"2022-01-08T11:26:54","guid":{"rendered":"https:\/\/moleculepants.com\/?post_type=product&#038;p=765"},"modified":"2026-05-02T10:29:54","modified_gmt":"2026-05-02T03:29:54","slug":"45062-vogue-black","status":"publish","type":"product","link":"https:\/\/moleculepants.com\/fr\/produit\/45062-vogue-black\/","title":{"rendered":"Molecule Femmes 45062 \"Vogue\" pantalon \u00e9vas\u00e9 long NOIR (mince!)"},"content":{"rendered":"<h1 style=\"text-align: center;\"><span style=\"font-family: verdana, geneva, sans-serif;\">Vogue Noir - Pantalon \u00c9vas\u00e9 Long (mince!)<\/span><\/h1>\n<h2 style=\"text-align: center;\"><span style=\"font-family: verdana, geneva, sans-serif;\">Molecule Femme Vogue Noir \u2013 45062<a href=\"https:\/\/moleculepants.com\"><img loading=\"lazy\" decoding=\"async\" class=\"alignright wp-image-1291 size-full\" title=\"Retour \u00e0 la page d&#039;accueil\" src=\"https:\/\/moleculepants.com\/wp-content\/uploads\/2022\/01\/Molecule_animated-GIF-1.gif\" alt=\"Molecule Pants Icon\" width=\"59\" height=\"59\" srcset=\"https:\/\/moleculepants.com\/wp-content\/uploads\/2022\/01\/Molecule_animated-GIF-1.gif 59w, https:\/\/moleculepants.com\/wp-content\/uploads\/2022\/01\/Molecule_animated-GIF-1-12x12.gif 12w\" sizes=\"auto, (max-width: 59px) 100vw, 59px\" \/><\/a><\/span><\/h2>\n<p><span style=\"font-family: verdana, geneva, sans-serif;\">Ce mod\u00e8le de pantalon \u00e9vas\u00e9 long Molecule Femmes Vogue Noir a l'allure g\u00e9n\u00e9rale d'un pantalon cargo Molecule typique, mais sa coupe est plus \u00e0 la mode. L'accent est mis davantage sur l'apparance que sur ses avantages pratiques. Par exemple, ils sont coup\u00e9s bas et <span style=\"color: #000000;\"><strong>assez minces (!) et serr\u00e9s des hanches aux genoux<\/strong><\/span>, puis ils s'\u00e9vasent, alors faites attention \u00e0 la taille ! De plus, les 7 poches ne sont pas comme les poches cargo Molecule habituelles, elles ne sont en fait pas cargo (mais plus petites et plates).<\/span><\/p>\n<p><span style=\"font-family: verdana, geneva, sans-serif;\"><span style=\"color: #c44747;\">Sachez que ce mod\u00e8le n'est pas coup\u00e9 large et ample (comme la plupart des pantalons Molecule) mais <strong>plut\u00f4t mince!<\/strong> Nous recommandons de v\u00e9rifier et de comparer avec pr\u00e9cision les dimensions donn\u00e9es (voir ci-dessous).<\/span><span style=\"color: #c44747;\"><span style=\"color: #000000;\">, apr\u00e8s tout, la plupart des clients pourraient vouloir commander 1-2 tailles plus grandes que d'habitude. En cas de doute, vous pouvez <\/span><\/span><strong><a href=\"\/contact-us\/\" target=\"_blank\" rel=\"noopener noreferrer\"><span style=\"color: #3366ff;\">nous contacter<\/span><\/a><\/strong> \u00e0 tout moment (avant de commander la mauvaise taille).<strong><br \/>\n<\/strong><\/span><\/p>\n<p style=\"text-align: center;\">\n<table id=\"tablepress-1212s\" class=\"tablepress tablepress-id-1212s Speci\">\n<thead>\n<tr class=\"row-1\">\n\t<th class=\"column-1\"><strong>Nom du mod\u00e8le\/ID<\/strong><\/th><th class=\"column-2\">Vogue \/ 45062<\/th>\n<\/tr>\n<\/thead>\n<tbody class=\"row-striping row-hover\">\n<tr class=\"row-2\">\n\t<td class=\"column-1\"><strong>Type<\/strong><\/td><td class=\"column-2\">pantalon femme, long<\/td>\n<\/tr>\n<tr class=\"row-3\">\n\t<td class=\"column-1\"><strong>Mat\u00e9riel<\/strong><\/td><td class=\"column-2\">coton 100% fabrique solide<\/td>\n<\/tr>\n<tr class=\"row-4\">\n\t<td class=\"column-1\"><strong>Des Poches<\/strong><\/td><td class=\"column-2\">7, no flaps on front pockets<\/td>\n<\/tr>\n<tr class=\"row-5\">\n\t<td class=\"column-1\"><strong>D'autres<\/strong><\/td><td class=\"column-2\">traditional buttons, no inner waist-band<\/td>\n<\/tr>\n<tr class=\"row-6\">\n\t<td class=\"column-1\"><strong>Remarque<\/strong><\/td><td class=\"column-2\">mince (!), \u00e9vas\u00e9<\/td>\n<\/tr>\n<\/tbody>\n<\/table>\n<!-- #tablepress-1212s from cache --><\/p>\n<h3><span style=\"font-family: verdana, geneva, sans-serif;\">7 poches au total:<\/span><\/h3>\n<ul>\n<li><span style=\"font-family: verdana, geneva, sans-serif;\">\u00a0\u00a0\u00a0 2 poches avant<\/span><\/li>\n<li><span style=\"font-family: verdana, geneva, sans-serif;\">\u00a0\u00a0\u00a0 2 poches au dos avec rabat et lacets (joli!)<\/span><\/li>\n<li><span style=\"font-family: verdana, geneva, sans-serif;\">\u00a0\u00a0\u00a0 2 poches lat\u00e9rales cargo avec rabat, \u00e0 gauche avec bouton pression, \u00e0 droite avec bouton normal<\/span><\/li>\n<li><span style=\"font-family: verdana, geneva, sans-serif;\">\u00a0\u00a0\u00a0 1 poche lat\u00e9rale \"cargo\", suppl\u00e9mentaire \u00e0 gauche (en dessous de l'autre), \u00e9galement avec rabat et bouton normal<\/span><\/li>\n<\/ul>\n<h3><span style=\"font-family: verdana, geneva, sans-serif;\">Caract\u00e9ristiques suppl\u00e9mentaires:<\/span><\/h3>\n<p><span style=\"font-family: verdana, geneva, sans-serif;\">Sur le devant \u00e0 la taille ce pantalon a 2 boutons en dessous et une fermeture \u00e9clair courte.<\/span><\/p>\n<p><span style=\"font-family: verdana, geneva, sans-serif;\">Les passants de ceinture sont larges et ont chacun un bouton (pas de fonction, \u00e7a a juste l'air fantaisiste). Sur les jambes du pantalon \u00e0 l'ext\u00e9rieur il y a une dentelle courte avec un bouton, qui n'a \u00e9galement aucune fonction, mais s'adapte \u00e0 l'aspect sp\u00e9cial de ces pantalons pour dames \u00e0 la mode.<\/span><\/p>\n<p><span style=\"font-family: verdana, geneva, sans-serif;\">Comme avec la plupart des pantalons Molecule, le mat\u00e9riau est un tissu durable 100% coton, solide et bien trait\u00e9.<\/span><span style=\"font-family: verdana, geneva, sans-serif;\">\u00a0<\/span><\/p>\n<h3><span style=\"font-family: verdana, geneva, sans-serif;\">Tailles \/ mesures:<\/span><\/h3>\n<p><span style=\"color: #c44747; font-family: verdana, geneva, sans-serif;\"><strong>Les tailles standards S, M, L, XL peuvent varier dans le monde entier! <\/strong><strong>Veuillez utiliser les mesures indiqu\u00e9es sur le site pour bien v\u00e9rifier et comparer les proportions avant de passer commande.<\/strong><\/span><\/p>\n<p><span style=\"font-family: verdana, geneva, sans-serif;\">(Conseil: Prendre un pantalon de sa garde-robe, l'\u00e9tendre \u00e0 plat sur le sol et comparer...)<\/span><\/p>\n<p><span style=\"font-family: verdana, geneva, sans-serif; color: #ff0000;\"><strong>Mise en garde:<\/strong> Dans des cas exceptionnels, les mesures r\u00e9elles peuvent l\u00e9g\u00e8rement diff\u00e9rer (peut-\u00eatre 2-3 cm). Veuillez noter lors de votre commande ou contactez-nous si cela pourrait causer un probl\u00e8me - nous serons heureux de faire correspondre les mesures avec vous une par une\u00a0!<\/span><\/p>\n<p style=\"text-align: center;\"><h2 id=\"tablepress-1212-name\" class=\"tablepress-table-name tablepress-table-name-id-1212\">Measurements Molecule VOGUE \/ 45062<\/h2>\n\n<table id=\"tablepress-1212\" class=\"tablepress tablepress-id-1212\" aria-labelledby=\"tablepress-1212-name\">\n<tbody class=\"row-striping row-hover\">\n<tr class=\"row-1\">\n\t<td class=\"column-1\"><center><strong>taille<\/strong><\/center><\/td><td class=\"column-2\"><center><strong>A) ceinture plate \/ taille<\/strong><\/center><\/td><td class=\"column-3\"><center><strong>B) longueur entrejambe<\/strong><\/center><\/td><td class=\"column-4\"><center><strong>C) longueur totale (couture ext\u00e9rieure)<\/strong><\/center><\/td>\n<\/tr>\n<tr class=\"row-2\">\n\t<td class=\"column-1\"><center><img loading=\"lazy\" decoding=\"async\" src=\"https:\/\/moleculepants.com\/wp-content\/uploads\/2022\/01\/Molecule_Pants_Shop_Size_S.png\" alt=\"Molecule Pants size S\" width=\"40\" height=\"40\" title=\"\"><\/center><\/td><td class=\"column-2\"><center>14 inch \/ 36 cm<\/center><\/td><td class=\"column-3\"><center>32 inch \/ 81-82 cm<\/center><\/td><td class=\"column-4\"><center>38.5-40 inch \/ 98-102 cm<\/center><\/td>\n<\/tr>\n<tr class=\"row-3\">\n\t<td class=\"column-1\"><center><img loading=\"lazy\" decoding=\"async\" src=\"https:\/\/moleculepants.com\/wp-content\/uploads\/2022\/01\/Molecule_Pants_Shop_Size_M.png\" alt=\"Molecule Pants size M\" width=\"40\" height=\"40\" title=\"\"><\/center><\/td><td class=\"column-2\"><center>15,5 inch \/ 39-40 cm<\/center><\/td><td class=\"column-3\"><center>32 inch \/ 81-82 cm<\/center><\/td><td class=\"column-4\"><center>39-41 inch \/ 99-104 cm<\/center><\/td>\n<\/tr>\n<tr class=\"row-4\">\n\t<td class=\"column-1\"><center><img loading=\"lazy\" decoding=\"async\" src=\"https:\/\/moleculepants.com\/wp-content\/uploads\/2022\/01\/Molecule_Pants_Shop_Size_L.png\" alt=\"Molecule Pants size L\" width=\"40\" height=\"40\" title=\"\"><\/center><\/td><td class=\"column-2\"><center>16-16,5 inch \/ 40-42 cm<\/center><\/td><td class=\"column-3\"><center>32 inch \/ 81-82 cm<\/center><\/td><td class=\"column-4\"><center>40,5-42 inch \/ 103-107 cm<\/center><\/td>\n<\/tr>\n<tr class=\"row-5\">\n\t<td class=\"column-1\"><center><img loading=\"lazy\" decoding=\"async\" src=\"https:\/\/moleculepants.com\/wp-content\/uploads\/2022\/01\/Molecule_Pants_Shop_Size_XL.png\" alt=\"Molecule Pants size XL\" width=\"40\" height=\"40\" title=\"\"><\/center><\/td><td class=\"column-2\"><center>17 inch \/ 43-44 cm<\/center><\/td><td class=\"column-3\"><center>33-34 inch \/ 84-87 cm<\/center><\/td><td class=\"column-4\"><center>42-43 inch \/ 107-109<\/center><\/td>\n<\/tr>\n<\/tbody>\n<\/table>\n<!-- #tablepress-1212 from cache --><img loading=\"lazy\" decoding=\"async\" class=\"alignright\" title=\"\" src=\"https:\/\/moleculepants.com\/wp-content\/uploads\/2022\/01\/Molecule_Lady_Pants_Long_Measurements.png\" alt=\"\" width=\"180\" height=\"270\"><\/p>\n<h3><span style=\"font-family: verdana, geneva, sans-serif;\">Noms de mod\u00e8les\u00a0:<\/span><\/h3>\n<p><span style=\"font-family: verdana, geneva, sans-serif;\">D'autres distributeurs ont baptis\u00e9 ce mod\u00e8le \"himalayan hipster pants\", \"low cut pants\", etc. Le fabricant original de la marque Molecule \u00e0 Bangkok vient d'identifier ce pantalon gr\u00e2ce \u00e0 un num\u00e9ro de r\u00e9f\u00e9rence: 50005. Donc si vous souhaitez comparer le prix de cet article sur d'autres sites de vente en ligne, fiez-vous uniquement \u00e0 ce num\u00e9ro de r\u00e9f\u00e9rence \u00e0 5 chiffres, sans pr\u00eater attention aux noms des mod\u00e8les qui peuvent varier d'un site \u00e0 l'autre.<\/span><\/p>\n<h3><span style=\"font-family: verdana, geneva, sans-serif;\">Les pantalons cargo Molecule en g\u00e9n\u00e9ral:<\/span><\/h3>\n<p><span style=\"font-family: verdana, geneva, sans-serif;\">Tous les pantalons de Molecule sont adapt\u00e9s au lavage en machine (60\u00b0) et s\u00e9chage en machine (\u00e0 basse temp\u00e9rature). L'\u00e9toffe se d\u00e9froisse en la portant, le repassage \u00e0 chaud est donc possible mais pas n\u00e9cessaire.<\/span><\/p>\n<p><span style=\"font-family: verdana, geneva, sans-serif;\">Molecule <a href=\"https:\/\/fr.wikipedia.org\/wiki\/Pantalon_cargo\" rel=\"nofollow noopener\" target=\"_blank\">pantalons cargo<\/a> sont des pantalons de tr\u00e8s bonne qualit\u00e9, 100% coton avec des coutures tr\u00e8s r\u00e9sistantes. Les nombreuses poches offrent des espaces de rangement pratique pour de nombreux diff\u00e9rents objets ou outils. Ces pantalons sont donc particuli\u00e8rement appr\u00e9ci\u00e9s par les voyageurs ou aventuriers, les personnes faisant tous type de travaux avec des outils, sur chantier ext\u00e9rieur ou int\u00e9rieur, parfait aussi pour les festivals, vacances, camping, safari etc...<\/span><\/p>\n<p style=\"text-align: center;\"><a href=\"https:\/\/moleculepants.com\"><img loading=\"lazy\" decoding=\"async\" class=\"aligncenter wp-image-431 size-full\" title=\"Retour \u00e0 la page d&#039;accueil\" src=\"https:\/\/moleculepants.com\/wp-content\/uploads\/2022\/01\/Molecule_Pants_2022_Logo.png\" alt=\"Molecule Pants 2022\" width=\"609\" height=\"53\" srcset=\"https:\/\/moleculepants.com\/wp-content\/uploads\/2022\/01\/Molecule_Pants_2022_Logo.png 609w, https:\/\/moleculepants.com\/wp-content\/uploads\/2022\/01\/Molecule_Pants_2022_Logo-300x26.png 300w, https:\/\/moleculepants.com\/wp-content\/uploads\/2022\/01\/Molecule_Pants_2022_Logo-18x2.png 18w\" sizes=\"auto, (max-width: 609px) 100vw, 609px\" \/><span style=\"font-family: verdana, geneva, sans-serif;\">Molecule - Cool Fusion Clothes depuis 1998 Tha\u00eflande<\/span><\/a><\/p>","protected":false},"excerpt":{"rendered":"<ul>\n<li><span style=\"font-family: verdana, geneva, sans-serif;\">coupe slim et moulante !<\/span><\/li>\n<li><span style=\"font-family: verdana, geneva, sans-serif;\">7 poches<\/span><\/li>\n<li><span style=\"font-family: verdana, geneva, sans-serif;\">traitement de haute qualit\u00e9<\/span><\/li>\n<li><span style=\"font-family: verdana, geneva, sans-serif;\">100% coton, fabrique solide et r\u00e9sistante<\/span><\/li>\n<li><span style=\"font-family: verdana, geneva, sans-serif;\">coutures fermes et durables<\/span><\/li>\n<\/ul>","protected":false},"featured_media":342,"comment_status":"open","ping_status":"closed","template":"","meta":[],"product_brand":[],"product_cat":[129,20],"product_tag":[64,99,32,33,27,104,105,103,28,100,101,30,98,102],"class_list":{"0":"post-765","1":"product","2":"type-product","3":"status-publish","4":"has-post-thumbnail","6":"product_cat-cat-vogue-45062","7":"product_cat-women-pants","8":"product_tag-100-cotton","9":"product_tag-99","10":"product_tag-black","11":"product_tag-carbon-black","12":"product_tag-cargo-pants","13":"product_tag-fancy","14":"product_tag-flared","15":"product_tag-ladies","16":"product_tag-long","17":"product_tag-slim","18":"product_tag-tight","19":"product_tag-travel","20":"product_tag-vogue","21":"product_tag-women","23":"first","24":"instock","25":"shipping-taxable","26":"purchasable","27":"product-type-variable"},"_links":{"self":[{"href":"https:\/\/moleculepants.com\/fr\/wp-json\/wp\/v2\/product\/765","targetHints":{"allow":["GET"]}}],"collection":[{"href":"https:\/\/moleculepants.com\/fr\/wp-json\/wp\/v2\/product"}],"about":[{"href":"https:\/\/moleculepants.com\/fr\/wp-json\/wp\/v2\/types\/product"}],"replies":[{"embeddable":true,"href":"https:\/\/moleculepants.com\/fr\/wp-json\/wp\/v2\/comments?post=765"}],"wp:featuredmedia":[{"embeddable":true,"href":"https:\/\/moleculepants.com\/fr\/wp-json\/wp\/v2\/media\/342"}],"wp:attachment":[{"href":"https:\/\/moleculepants.com\/fr\/wp-json\/wp\/v2\/media?parent=765"}],"wp:term":[{"taxonomy":"product_brand","embeddable":true,"href":"https:\/\/moleculepants.com\/fr\/wp-json\/wp\/v2\/product_brand?post=765"},{"taxonomy":"product_cat","embeddable":true,"href":"https:\/\/moleculepants.com\/fr\/wp-json\/wp\/v2\/product_cat?post=765"},{"taxonomy":"product_tag","embeddable":true,"href":"https:\/\/moleculepants.com\/fr\/wp-json\/wp\/v2\/product_tag?post=765"}],"curies":[{"name":"wp","href":"https:\/\/api.w.org\/{rel}","templated":true}]}}