{"id":823,"date":"2022-01-09T20:59:17","date_gmt":"2022-01-09T13:59:17","guid":{"rendered":"https:\/\/moleculepants.com\/?post_type=product&#038;p=823"},"modified":"2023-08-11T14:36:00","modified_gmt":"2023-08-11T07:36:00","slug":"45046-funky-hot-pants-beige-cream","status":"publish","type":"product","link":"https:\/\/moleculepants.com\/fr\/produit\/45046-funky-hot-pants-beige-cream\/","title":{"rendered":"Molecule Ladies 45046 \u201cFunky Hot Pants\u201d BEIGE-CREAM short women pants"},"content":{"rendered":"<h1 style=\"text-align: center;\"><span style=\"font-family: verdana, geneva, sans-serif;\">Funky Hot Pants Beige-Cr\u00e8me \u2013 Pantalon Femme Court<\/span><\/h1>\n<p><img loading=\"lazy\" decoding=\"async\" class=\"alignright wp-image-12 size-full\" title=\"Retour \u00e0 la page d&#039;accueil\" src=\"https:\/\/moleculepants.com\/wp-content\/uploads\/2021\/12\/Molecule_animated-GIF.gif\" alt=\"Molecule Pants Icon\" width=\"59\" height=\"59\" \/><\/p>\n<h2 style=\"text-align: center;\"><span style=\"font-family: verdana, geneva, sans-serif;\">Molecule Femmes Funky Hot Pants Beige-Cr\u00e8me \u2013 45046<\/span><\/h2>\n<p><span style=\"font-family: verdana, geneva, sans-serif;\">Ce mod\u00e8le court \"Funky Hot Pants\" 45038 de la marque Molecule Femmes - ici en beige-cr\u00e8me - a l'apparence g\u00e9n\u00e9rale d'un pantalon cargo Molecule typique, mais il est plus \u00e0 la mode. \nLe style et l'allure sont certainement \"Molecule\", mais il n'y a pas d'\u00e9normes poches cargo, ce pantalon est moins pratique,  mais il attire le regard. Contrairement aux pantalons Molecule habituels, qui d\u00e9rivent des pantalons militaires, ces pantalons hotpants d\u00e9rivent plut\u00f4t d'une vid\u00e9o musicale sur MTV.<\/span><\/p>\n<p style=\"text-align: center;\">\n<table id=\"tablepress-1232s\" class=\"tablepress tablepress-id-1232s Speci\">\n<thead>\n<tr class=\"row-1\">\n\t<th class=\"column-1\"><strong>Nom du mod\u00e8le\/ID<\/strong><\/th><th class=\"column-2\">Funky Hot \/ 45046<\/th>\n<\/tr>\n<\/thead>\n<tbody class=\"row-striping row-hover\">\n<tr class=\"row-2\">\n\t<td class=\"column-1\"><strong>Type<\/strong><\/td><td class=\"column-2\">women pants, short<\/td>\n<\/tr>\n<tr class=\"row-3\">\n\t<td class=\"column-1\"><strong>Mat\u00e9riel<\/strong><\/td><td class=\"column-2\">coton 100% fabrique solide<\/td>\n<\/tr>\n<tr class=\"row-4\">\n\t<td class=\"column-1\"><strong>Des Poches<\/strong><\/td><td class=\"column-2\">2 with flaps<\/td>\n<\/tr>\n<tr class=\"row-5\">\n\t<td class=\"column-1\"><strong>D'autres<\/strong><\/td><td class=\"column-2\">traditional buttons, no inner waist-band<\/td>\n<\/tr>\n<tr class=\"row-6\">\n\t<td class=\"column-1\"><strong>Remarque<\/strong><\/td><td class=\"column-2\">slim (!)<\/td>\n<\/tr>\n<\/tbody>\n<\/table>\n<!-- #tablepress-1232s from cache --><\/p>\n<h3><span style=\"font-family: verdana, geneva, sans-serif;\">2 poches au total:<\/span><\/h3>\n<ul>\n<li><span style=\"font-family: verdana, geneva, sans-serif;\">\u00a0\u00a0\u00a0 2 poches lat\u00e9rales avec rabats et boutons<\/span><\/li>\n<\/ul>\n<h3><span style=\"font-family: verdana, geneva, sans-serif;\">Caract\u00e9ristiques suppl\u00e9mentaires:<\/span><\/h3>\n<p><span style=\"font-family: verdana, geneva, sans-serif;\">Sur le devant \u00e0 la taille ce pantalon a un bouton et une fermeture \u00e9clair courte.<\/span><\/p>\n<p><span style=\"font-family: verdana, geneva, sans-serif;\">Sous les passants de ceinture des deux c\u00f4t\u00e9s, il y a une fermeture courte en double coton, o\u00f9 vous pouvez rendre le pantalon plus serr\u00e9 - bien qu'il ne soit pas n\u00e9cessaire, il fait beau.<\/span><\/p>\n<p><span style=\"font-family: verdana, geneva, sans-serif;\">Comme avec la plupart des pantalons Molecule, le mat\u00e9riau est un tissu durable 100% coton, solide et bien trait\u00e9.<\/span><\/p>\n<h3><span style=\"font-family: verdana, geneva, sans-serif;\">Tailles \/ mesures:<\/span><\/h3>\n<p><span style=\"color: #c44747; font-family: verdana, geneva, sans-serif;\"><strong>Les tailles standards S, M, L, XL peuvent varier dans le monde entier! <\/strong><strong>Veuillez utiliser les mesures indiqu\u00e9es sur le site pour bien v\u00e9rifier et comparer les proportions avant de passer commande.<\/strong><\/span><\/p>\n<p><span style=\"font-family: verdana, geneva, sans-serif;\">(Conseil: Prendre un pantalon de sa garde-robe, l'\u00e9tendre \u00e0 plat sur le sol et comparer...)<\/span><\/p>\n<p><span style=\"font-family: verdana, geneva, sans-serif; color: #ff0000;\"><strong>Mise en garde:<\/strong> Dans des cas exceptionnels, les mesures r\u00e9elles peuvent l\u00e9g\u00e8rement diff\u00e9rer (peut-\u00eatre 2-3 cm). Veuillez noter lors de votre commande ou contactez-nous si cela pourrait causer un probl\u00e8me - nous serons heureux de faire correspondre les mesures avec vous une par une\u00a0!<\/span><\/p>\n<p style=\"text-align: center;\"><h2 id=\"tablepress-1232-name\" class=\"tablepress-table-name tablepress-table-name-id-1232\">Measurements Molecule FUNKY HOT PANTS \/ 45046<\/h2>\n\n<table id=\"tablepress-1232\" class=\"tablepress tablepress-id-1232\" aria-labelledby=\"tablepress-1232-name\">\n<tbody class=\"row-striping row-hover\">\n<tr class=\"row-1\">\n\t<td class=\"column-1\"><center><strong>taille<\/strong><\/center><\/td><td class=\"column-2\"><center><strong>A) ceinture plate \/ taille<\/strong><\/center><\/td><td class=\"column-3\"><center><strong>B) longueur entrejambe<\/strong><\/center><\/td><td class=\"column-4\"><center><strong>C) longueur totale (couture ext\u00e9rieure)<\/strong><\/center><\/td>\n<\/tr>\n<tr class=\"row-2\">\n\t<td class=\"column-1\"><center><img loading=\"lazy\" decoding=\"async\" src=\"https:\/\/moleculepants.com\/wp-content\/uploads\/2022\/01\/Molecule_Pants_Shop_Size_S.png\" alt=\"Molecule Pants size S\" width=\"40\" height=\"40\" title=\"\"><\/center><\/td><td class=\"column-2\"><center>15 inch \/ 38 cm<\/center><\/td><td class=\"column-3\"><center>2,5 inch \/ 6-7 cm<\/center><\/td><td class=\"column-4\"><center>10 inch \/ 26 cm<\/center><\/td>\n<\/tr>\n<tr class=\"row-3\">\n\t<td class=\"column-1\"><center><img loading=\"lazy\" decoding=\"async\" src=\"https:\/\/moleculepants.com\/wp-content\/uploads\/2022\/01\/Molecule_Pants_Shop_Size_M.png\" alt=\"Molecule Pants size M\" width=\"40\" height=\"40\" title=\"\"><\/center><\/td><td class=\"column-2\"><center>15,5 inch \/ 40-41 cm<\/center><\/td><td class=\"column-3\"><center>3 inch \/ 8 cm<\/center><\/td><td class=\"column-4\"><center>10,5-11 inch \/ 27-28 cm<\/center><\/td>\n<\/tr>\n<tr class=\"row-4\">\n\t<td class=\"column-1\"><center><img loading=\"lazy\" decoding=\"async\" src=\"https:\/\/moleculepants.com\/wp-content\/uploads\/2022\/01\/Molecule_Pants_Shop_Size_L.png\" alt=\"Molecule Pants size L\" width=\"40\" height=\"40\" title=\"\"><\/center><\/td><td class=\"column-2\"><center>17 inch \/ 43 cm<\/center><\/td><td class=\"column-3\"><center>3,5 inch \/ 9 cm<\/center><\/td><td class=\"column-4\"><center>11 inch \/ 29 cm<\/center><\/td>\n<\/tr>\n<tr class=\"row-5\">\n\t<td class=\"column-1\"><center><img loading=\"lazy\" decoding=\"async\" src=\"https:\/\/moleculepants.com\/wp-content\/uploads\/2022\/01\/Molecule_Pants_Shop_Size_XL.png\" alt=\"Molecule Pants size XL\" width=\"40\" height=\"40\" title=\"\"><\/center><\/td><td class=\"column-2\"><center>17,5 inch \/ 45 cm<\/center><\/td><td class=\"column-3\"><center>4 inch \/ 10 cm<\/center><\/td><td class=\"column-4\"><center>12 inch \/ 30 cm<\/center><\/td>\n<\/tr>\n<\/tbody>\n<\/table>\n<!-- #tablepress-1232 from cache --><img loading=\"lazy\" decoding=\"async\" class=\"alignright\" title=\"\" src=\"https:\/\/moleculepants.com\/wp-content\/uploads\/2022\/01\/Molecule_Men_Pants_hotpants_Measurements.png\" alt=\"\" width=\"180\" height=\"270\"><\/p>\n<h3><span style=\"font-family: verdana, geneva, sans-serif;\">Noms de mod\u00e8les\u00a0:<\/span><\/h3>\n<p><span style=\"font-family: verdana, geneva, sans-serif;\">D'autres distributeurs ont babtis\u00e9 ce mod\u00e8le \"classic congo cargos\", \"bum all mighty\" ou autre. Le fabricant original de la marque Molecule \u00e0 Bangkok vient d'identifier ce pantalon gr\u00e2ce \u00e0 un num\u00e9ro de r\u00e9f\u00e9rence: 45046. Donc si vous souhaitez comparer le prix de cet article sur d'autres sites de vente en ligne, fiez-vous uniquement \u00e0 ce num\u00e9ro de r\u00e9f\u00e9rence \u00e0 5 chiffres, sans pr\u00eater attention aux noms des mod\u00e8les qui peuvent varier d'un site \u00e0 l'autre.<\/span><\/p>\n<h3><span style=\"font-family: verdana, geneva, sans-serif;\">Les pantalons cargo Molecule en g\u00e9n\u00e9ral:<\/span><\/h3>\n<p><span style=\"font-family: verdana, geneva, sans-serif;\">Tous les pantalons de Molecule sont adapt\u00e9s au lavage en machine (60\u00b0) et s\u00e9chage en machine (\u00e0 basse temp\u00e9rature). L'\u00e9toffe se d\u00e9froisse en la portant, le repassage \u00e0 chaud est donc possible mais pas n\u00e9cessaire.<\/span><\/p>\n<p><span style=\"font-family: verdana, geneva, sans-serif;\">Molecule <a href=\"https:\/\/fr.wikipedia.org\/wiki\/Pantalon_cargo\" rel=\"nofollow noopener\" target=\"_blank\">pantalons cargo<\/a> sont des pantalons de tr\u00e8s bonne qualit\u00e9, 100% coton avec des coutures tr\u00e8s r\u00e9sistantes. Les nombreuses poches offrent des espaces de rangement pratique pour de nombreux diff\u00e9rents objets ou outils. Ces pantalons sont donc particuli\u00e8rement appr\u00e9ci\u00e9s par les voyageurs ou aventuriers, les personnes faisant tous type de travaux avec des outils, sur chantier ext\u00e9rieur ou int\u00e9rieur, parfait aussi pour les festivals, vacances, camping, safari etc...<\/span><\/p>\n<p style=\"text-align: center;\"><a href=\"https:\/\/moleculepants.com\"><img loading=\"lazy\" decoding=\"async\" class=\"aligncenter wp-image-431 size-full\" title=\"Retour \u00e0 la page d&#039;accueil\" src=\"https:\/\/moleculepants.com\/wp-content\/uploads\/2022\/01\/Molecule_Pants_2022_Logo.png\" alt=\"Molecule Pants 2022\" width=\"609\" height=\"53\" srcset=\"https:\/\/moleculepants.com\/wp-content\/uploads\/2022\/01\/Molecule_Pants_2022_Logo.png 609w, https:\/\/moleculepants.com\/wp-content\/uploads\/2022\/01\/Molecule_Pants_2022_Logo-300x26.png 300w, https:\/\/moleculepants.com\/wp-content\/uploads\/2022\/01\/Molecule_Pants_2022_Logo-18x2.png 18w\" sizes=\"auto, (max-width: 609px) 100vw, 609px\" \/><span style=\"font-family: verdana, geneva, sans-serif;\">Molecule - Cool Fusion Clothes depuis 1998 Tha\u00eflande<\/span><\/a><\/p>","protected":false},"excerpt":{"rendered":"<ul>\n<li><span style=\"font-family: verdana, geneva, sans-serif;\">pantalon d'\u00e9t\u00e9<\/span><\/li>\n<li><span style=\"font-family: verdana, geneva, sans-serif;\">2 poches avec rabat<\/span><\/li>\n<li><span style=\"font-family: verdana, geneva, sans-serif;\">traitement de haute qualit\u00e9<\/span><\/li>\n<li><span style=\"font-family: verdana, geneva, sans-serif;\">100% coton, fabrique solide et r\u00e9sistante<\/span><\/li>\n<li><span style=\"font-family: verdana, geneva, sans-serif;\">coutures fermes et durables<\/span><\/li>\n<\/ul>","protected":false},"featured_media":828,"comment_status":"open","ping_status":"closed","template":"","meta":[],"product_brand":[],"product_cat":[131,20],"product_tag":[64,112,114,115,49,111,110,103,109,84,30,102],"class_list":{"0":"post-823","1":"product","2":"type-product","3":"status-publish","4":"has-post-thumbnail","6":"product_cat-cat-funky-hot-pants-45046","7":"product_cat-women-pants","8":"product_tag-100-cotton","9":"product_tag-112","10":"product_tag-beige","11":"product_tag-beige-cream","12":"product_tag-cream","13":"product_tag-funky-hot","14":"product_tag-hot-pants","15":"product_tag-ladies","16":"product_tag-military","17":"product_tag-short","18":"product_tag-travel","19":"product_tag-women","21":"first","22":"instock","23":"shipping-taxable","24":"purchasable","25":"product-type-variable"},"_links":{"self":[{"href":"https:\/\/moleculepants.com\/fr\/wp-json\/wp\/v2\/product\/823","targetHints":{"allow":["GET"]}}],"collection":[{"href":"https:\/\/moleculepants.com\/fr\/wp-json\/wp\/v2\/product"}],"about":[{"href":"https:\/\/moleculepants.com\/fr\/wp-json\/wp\/v2\/types\/product"}],"replies":[{"embeddable":true,"href":"https:\/\/moleculepants.com\/fr\/wp-json\/wp\/v2\/comments?post=823"}],"wp:featuredmedia":[{"embeddable":true,"href":"https:\/\/moleculepants.com\/fr\/wp-json\/wp\/v2\/media\/828"}],"wp:attachment":[{"href":"https:\/\/moleculepants.com\/fr\/wp-json\/wp\/v2\/media?parent=823"}],"wp:term":[{"taxonomy":"product_brand","embeddable":true,"href":"https:\/\/moleculepants.com\/fr\/wp-json\/wp\/v2\/product_brand?post=823"},{"taxonomy":"product_cat","embeddable":true,"href":"https:\/\/moleculepants.com\/fr\/wp-json\/wp\/v2\/product_cat?post=823"},{"taxonomy":"product_tag","embeddable":true,"href":"https:\/\/moleculepants.com\/fr\/wp-json\/wp\/v2\/product_tag?post=823"}],"curies":[{"name":"wp","href":"https:\/\/api.w.org\/{rel}","templated":true}]}}